{"id":2693,"date":"2016-10-17T16:24:48","date_gmt":"2016-10-17T14:24:48","guid":{"rendered":"https:\/\/www.ambroise.nl\/armorthesen\/elleboogorthesen\/"},"modified":"2025-07-10T11:09:27","modified_gmt":"2025-07-10T09:09:27","slug":"ellbogenorthesen","status":"publish","type":"page","link":"https:\/\/www.ambroise.nl\/de\/arm-orthesen\/ellbogenorthesen\/","title":{"rendered":"Ellbogenorthesen"},"content":{"rendered":"<h1>Ellbogenorthesen<\/h1>\n<p>F\u00fcr Menschen mit L\u00e4hmungen der Muskeln im Ellbogenbereich<\/p>\n","protected":false},"excerpt":{"rendered":"<p>Ellbogenorthesen F\u00fcr Menschen mit L\u00e4hmungen der Muskeln im Ellbogenbereich<\/p>\n","protected":false},"author":3,"featured_media":4384,"parent":194,"menu_order":0,"comment_status":"closed","ping_status":"closed","template":"page-product-summary.php","meta":{"_acf_changed":false,"footnotes":""},"class_list":["post-2693","page","type-page","status-publish","has-post-thumbnail","hentry"],"acf":[],"yoast_head":"<!-- This site is optimized with the Yoast SEO plugin v27.4 - https:\/\/yoast.com\/product\/yoast-seo-wordpress\/ -->\n<title>Ellbogenorthesen &#8226; Ambroise<\/title>\n<meta name=\"description\" content=\"Ambroise bietet drei verschiedene Ellbogenorthesen an \u2013 zur Unterst\u00fctzung beim Beugen bei eingeschr\u00e4nkter Muskelkraft oder zum Strecken des Arms. Auch eine spezielle Kinderorthese ist erh\u00e4ltlich.\" \/>\n<meta name=\"robots\" content=\"index, follow, max-snippet:-1, max-image-preview:large, max-video-preview:-1\" \/>\n<link rel=\"canonical\" href=\"https:\/\/www.ambroise.nl\/de\/arm-orthesen\/ellbogenorthesen\/\" \/>\n<meta property=\"og:locale\" content=\"de_DE\" \/>\n<meta property=\"og:type\" content=\"article\" \/>\n<meta property=\"og:title\" content=\"Ellbogenorthesen &#8226; Ambroise\" \/>\n<meta property=\"og:description\" content=\"Ambroise bietet drei verschiedene Ellbogenorthesen an \u2013 zur Unterst\u00fctzung beim Beugen bei eingeschr\u00e4nkter Muskelkraft oder zum Strecken des Arms. Auch eine spezielle Kinderorthese ist erh\u00e4ltlich.\" \/>\n<meta property=\"og:url\" content=\"https:\/\/www.ambroise.nl\/de\/arm-orthesen\/ellbogenorthesen\/\" \/>\n<meta property=\"og:site_name\" content=\"Ambroise\" \/>\n<meta property=\"article:modified_time\" content=\"2025-07-10T09:09:27+00:00\" \/>\n<meta property=\"og:image\" content=\"https:\/\/www.ambroise.nl\/wp-content\/uploads\/2016\/10\/elleboog.png\" \/>\n\t<meta property=\"og:image:width\" content=\"1000\" \/>\n\t<meta property=\"og:image:height\" content=\"1000\" \/>\n\t<meta property=\"og:image:type\" content=\"image\/png\" \/>\n<meta name=\"twitter:card\" content=\"summary_large_image\" \/>\n<script type=\"application\/ld+json\" class=\"yoast-schema-graph\">{\"@context\":\"https:\\\/\\\/schema.org\",\"@graph\":[{\"@type\":\"WebPage\",\"@id\":\"https:\\\/\\\/www.ambroise.nl\\\/de\\\/arm-orthesen\\\/ellbogenorthesen\\\/\",\"url\":\"https:\\\/\\\/www.ambroise.nl\\\/de\\\/arm-orthesen\\\/ellbogenorthesen\\\/\",\"name\":\"Ellbogenorthesen &#8226; Ambroise\",\"isPartOf\":{\"@id\":\"https:\\\/\\\/www.ambroise.nl\\\/de\\\/#website\"},\"primaryImageOfPage\":{\"@id\":\"https:\\\/\\\/www.ambroise.nl\\\/de\\\/arm-orthesen\\\/ellbogenorthesen\\\/#primaryimage\"},\"image\":{\"@id\":\"https:\\\/\\\/www.ambroise.nl\\\/de\\\/arm-orthesen\\\/ellbogenorthesen\\\/#primaryimage\"},\"thumbnailUrl\":\"https:\\\/\\\/www.ambroise.nl\\\/wp-content\\\/uploads\\\/2016\\\/10\\\/elleboog.png\",\"datePublished\":\"2016-10-17T14:24:48+00:00\",\"dateModified\":\"2025-07-10T09:09:27+00:00\",\"description\":\"Ambroise bietet drei verschiedene Ellbogenorthesen an \u2013 zur Unterst\u00fctzung beim Beugen bei eingeschr\u00e4nkter Muskelkraft oder zum Strecken des Arms. Auch eine spezielle Kinderorthese ist erh\u00e4ltlich.\",\"breadcrumb\":{\"@id\":\"https:\\\/\\\/www.ambroise.nl\\\/de\\\/arm-orthesen\\\/ellbogenorthesen\\\/#breadcrumb\"},\"inLanguage\":\"de\",\"potentialAction\":[{\"@type\":\"ReadAction\",\"target\":[\"https:\\\/\\\/www.ambroise.nl\\\/de\\\/arm-orthesen\\\/ellbogenorthesen\\\/\"]}]},{\"@type\":\"ImageObject\",\"inLanguage\":\"de\",\"@id\":\"https:\\\/\\\/www.ambroise.nl\\\/de\\\/arm-orthesen\\\/ellbogenorthesen\\\/#primaryimage\",\"url\":\"https:\\\/\\\/www.ambroise.nl\\\/wp-content\\\/uploads\\\/2016\\\/10\\\/elleboog.png\",\"contentUrl\":\"https:\\\/\\\/www.ambroise.nl\\\/wp-content\\\/uploads\\\/2016\\\/10\\\/elleboog.png\",\"width\":1000,\"height\":1000},{\"@type\":\"BreadcrumbList\",\"@id\":\"https:\\\/\\\/www.ambroise.nl\\\/de\\\/arm-orthesen\\\/ellbogenorthesen\\\/#breadcrumb\",\"itemListElement\":[{\"@type\":\"ListItem\",\"position\":1,\"name\":\"Home\",\"item\":\"https:\\\/\\\/www.ambroise.nl\\\/de\\\/homepagina-2\\\/\"},{\"@type\":\"ListItem\",\"position\":2,\"name\":\"Armorthesen\",\"item\":\"https:\\\/\\\/www.ambroise.nl\\\/de\\\/arm-orthesen\\\/\"},{\"@type\":\"ListItem\",\"position\":3,\"name\":\"Ellbogenorthesen\"}]},{\"@type\":\"WebSite\",\"@id\":\"https:\\\/\\\/www.ambroise.nl\\\/de\\\/#website\",\"url\":\"https:\\\/\\\/www.ambroise.nl\\\/de\\\/\",\"name\":\"Ambroise\",\"description\":\"\",\"potentialAction\":[{\"@type\":\"SearchAction\",\"target\":{\"@type\":\"EntryPoint\",\"urlTemplate\":\"https:\\\/\\\/www.ambroise.nl\\\/de\\\/?s={search_term_string}\"},\"query-input\":{\"@type\":\"PropertyValueSpecification\",\"valueRequired\":true,\"valueName\":\"search_term_string\"}}],\"inLanguage\":\"de\"}]}<\/script>\n<!-- \/ Yoast SEO plugin. -->","yoast_head_json":{"title":"Ellbogenorthesen &#8226; Ambroise","description":"Ambroise bietet drei verschiedene Ellbogenorthesen an \u2013 zur Unterst\u00fctzung beim Beugen bei eingeschr\u00e4nkter Muskelkraft oder zum Strecken des Arms. Auch eine spezielle Kinderorthese ist erh\u00e4ltlich.","robots":{"index":"index","follow":"follow","max-snippet":"max-snippet:-1","max-image-preview":"max-image-preview:large","max-video-preview":"max-video-preview:-1"},"canonical":"https:\/\/www.ambroise.nl\/de\/arm-orthesen\/ellbogenorthesen\/","og_locale":"de_DE","og_type":"article","og_title":"Ellbogenorthesen &#8226; Ambroise","og_description":"Ambroise bietet drei verschiedene Ellbogenorthesen an \u2013 zur Unterst\u00fctzung beim Beugen bei eingeschr\u00e4nkter Muskelkraft oder zum Strecken des Arms. Auch eine spezielle Kinderorthese ist erh\u00e4ltlich.","og_url":"https:\/\/www.ambroise.nl\/de\/arm-orthesen\/ellbogenorthesen\/","og_site_name":"Ambroise","article_modified_time":"2025-07-10T09:09:27+00:00","og_image":[{"width":1000,"height":1000,"url":"https:\/\/www.ambroise.nl\/wp-content\/uploads\/2016\/10\/elleboog.png","type":"image\/png"}],"twitter_card":"summary_large_image","schema":{"@context":"https:\/\/schema.org","@graph":[{"@type":"WebPage","@id":"https:\/\/www.ambroise.nl\/de\/arm-orthesen\/ellbogenorthesen\/","url":"https:\/\/www.ambroise.nl\/de\/arm-orthesen\/ellbogenorthesen\/","name":"Ellbogenorthesen &#8226; Ambroise","isPartOf":{"@id":"https:\/\/www.ambroise.nl\/de\/#website"},"primaryImageOfPage":{"@id":"https:\/\/www.ambroise.nl\/de\/arm-orthesen\/ellbogenorthesen\/#primaryimage"},"image":{"@id":"https:\/\/www.ambroise.nl\/de\/arm-orthesen\/ellbogenorthesen\/#primaryimage"},"thumbnailUrl":"https:\/\/www.ambroise.nl\/wp-content\/uploads\/2016\/10\/elleboog.png","datePublished":"2016-10-17T14:24:48+00:00","dateModified":"2025-07-10T09:09:27+00:00","description":"Ambroise bietet drei verschiedene Ellbogenorthesen an \u2013 zur Unterst\u00fctzung beim Beugen bei eingeschr\u00e4nkter Muskelkraft oder zum Strecken des Arms. Auch eine spezielle Kinderorthese ist erh\u00e4ltlich.","breadcrumb":{"@id":"https:\/\/www.ambroise.nl\/de\/arm-orthesen\/ellbogenorthesen\/#breadcrumb"},"inLanguage":"de","potentialAction":[{"@type":"ReadAction","target":["https:\/\/www.ambroise.nl\/de\/arm-orthesen\/ellbogenorthesen\/"]}]},{"@type":"ImageObject","inLanguage":"de","@id":"https:\/\/www.ambroise.nl\/de\/arm-orthesen\/ellbogenorthesen\/#primaryimage","url":"https:\/\/www.ambroise.nl\/wp-content\/uploads\/2016\/10\/elleboog.png","contentUrl":"https:\/\/www.ambroise.nl\/wp-content\/uploads\/2016\/10\/elleboog.png","width":1000,"height":1000},{"@type":"BreadcrumbList","@id":"https:\/\/www.ambroise.nl\/de\/arm-orthesen\/ellbogenorthesen\/#breadcrumb","itemListElement":[{"@type":"ListItem","position":1,"name":"Home","item":"https:\/\/www.ambroise.nl\/de\/homepagina-2\/"},{"@type":"ListItem","position":2,"name":"Armorthesen","item":"https:\/\/www.ambroise.nl\/de\/arm-orthesen\/"},{"@type":"ListItem","position":3,"name":"Ellbogenorthesen"}]},{"@type":"WebSite","@id":"https:\/\/www.ambroise.nl\/de\/#website","url":"https:\/\/www.ambroise.nl\/de\/","name":"Ambroise","description":"","potentialAction":[{"@type":"SearchAction","target":{"@type":"EntryPoint","urlTemplate":"https:\/\/www.ambroise.nl\/de\/?s={search_term_string}"},"query-input":{"@type":"PropertyValueSpecification","valueRequired":true,"valueName":"search_term_string"}}],"inLanguage":"de"}]}},"_links":{"self":[{"href":"https:\/\/www.ambroise.nl\/de\/wp-json\/wp\/v2\/pages\/2693","targetHints":{"allow":["GET"]}}],"collection":[{"href":"https:\/\/www.ambroise.nl\/de\/wp-json\/wp\/v2\/pages"}],"about":[{"href":"https:\/\/www.ambroise.nl\/de\/wp-json\/wp\/v2\/types\/page"}],"author":[{"embeddable":true,"href":"https:\/\/www.ambroise.nl\/de\/wp-json\/wp\/v2\/users\/3"}],"replies":[{"embeddable":true,"href":"https:\/\/www.ambroise.nl\/de\/wp-json\/wp\/v2\/comments?post=2693"}],"version-history":[{"count":1,"href":"https:\/\/www.ambroise.nl\/de\/wp-json\/wp\/v2\/pages\/2693\/revisions"}],"predecessor-version":[{"id":8389,"href":"https:\/\/www.ambroise.nl\/de\/wp-json\/wp\/v2\/pages\/2693\/revisions\/8389"}],"up":[{"embeddable":true,"href":"https:\/\/www.ambroise.nl\/de\/wp-json\/wp\/v2\/pages\/194"}],"wp:featuredmedia":[{"embeddable":true,"href":"https:\/\/www.ambroise.nl\/de\/wp-json\/wp\/v2\/media\/4384"}],"wp:attachment":[{"href":"https:\/\/www.ambroise.nl\/de\/wp-json\/wp\/v2\/media?parent=2693"}],"curies":[{"name":"wp","href":"https:\/\/api.w.org\/{rel}","templated":true}]}}