{"id":2750,"date":"2016-10-03T17:08:16","date_gmt":"2016-10-03T15:08:16","guid":{"rendered":"https:\/\/www.ambroise.nl\/homepagina\/"},"modified":"2025-07-29T14:08:33","modified_gmt":"2025-07-29T12:08:33","slug":"homepagina-2","status":"publish","type":"page","link":"https:\/\/www.ambroise.nl\/de\/","title":{"rendered":"Startseite"},"content":{"rendered":"<h1>Experten f\u00fcr innovative Orthesen<\/h1>\n<p>Leichte L\u00f6sungen f\u00fcr Arme und Beine<\/p>\n<p>&nbsp;<\/p>\n","protected":false},"excerpt":{"rendered":"<p>Experten f\u00fcr innovative Orthesen Leichte L\u00f6sungen f\u00fcr Arme und Beine &nbsp;<\/p>\n","protected":false},"author":1,"featured_media":0,"parent":0,"menu_order":0,"comment_status":"closed","ping_status":"open","template":"front-page.php","meta":{"_acf_changed":false,"footnotes":""},"class_list":["post-2750","page","type-page","status-publish","hentry"],"acf":[],"yoast_head":"<!-- This site is optimized with the Yoast SEO plugin v27.4 - https:\/\/yoast.com\/product\/yoast-seo-wordpress\/ -->\n<title>Ambroise - Experten f\u00fcr innovative Orthesen<\/title>\n<meta name=\"description\" content=\"Leichte Orthesen (Korsett) zur Unterst\u00fctzung von Armen und Beinen. Beinorthesen, Knieorthesen, Fu\u00dforthesen, EVO, Schulterorthesen, Handgelenkorthesen, Klumpfu\u00df\" \/>\n<meta name=\"robots\" content=\"index, follow, max-snippet:-1, max-image-preview:large, max-video-preview:-1\" \/>\n<link rel=\"canonical\" href=\"https:\/\/www.ambroise.nl\/de\/\" \/>\n<meta property=\"og:locale\" content=\"de_DE\" \/>\n<meta property=\"og:type\" content=\"article\" \/>\n<meta property=\"og:title\" content=\"Ambroise - Experten f\u00fcr innovative Orthesen\" \/>\n<meta property=\"og:description\" content=\"Leichte Orthesen (Korsett) zur Unterst\u00fctzung von Armen und Beinen. Beinorthesen, Knieorthesen, Fu\u00dforthesen, EVO, Schulterorthesen, Handgelenkorthesen, Klumpfu\u00df\" \/>\n<meta property=\"og:url\" content=\"https:\/\/www.ambroise.nl\/de\/\" \/>\n<meta property=\"og:site_name\" content=\"Ambroise\" \/>\n<meta property=\"article:modified_time\" content=\"2025-07-29T12:08:33+00:00\" \/>\n<meta name=\"twitter:card\" content=\"summary_large_image\" \/>\n<meta name=\"twitter:label1\" content=\"Gesch\u00e4tzte Lesezeit\" \/>\n\t<meta name=\"twitter:data1\" content=\"3\u00a0Minuten\" \/>\n<script type=\"application\/ld+json\" class=\"yoast-schema-graph\">{\"@context\":\"https:\\\/\\\/schema.org\",\"@graph\":[{\"@type\":\"WebPage\",\"@id\":\"https:\\\/\\\/www.ambroise.nl\\\/de\\\/\",\"url\":\"https:\\\/\\\/www.ambroise.nl\\\/de\\\/\",\"name\":\"Ambroise - Experten f\u00fcr innovative Orthesen\",\"isPartOf\":{\"@id\":\"https:\\\/\\\/www.ambroise.nl\\\/de\\\/#website\"},\"datePublished\":\"2016-10-03T15:08:16+00:00\",\"dateModified\":\"2025-07-29T12:08:33+00:00\",\"description\":\"Leichte Orthesen (Korsett) zur Unterst\u00fctzung von Armen und Beinen. Beinorthesen, Knieorthesen, Fu\u00dforthesen, EVO, Schulterorthesen, Handgelenkorthesen, Klumpfu\u00df\",\"breadcrumb\":{\"@id\":\"https:\\\/\\\/www.ambroise.nl\\\/de\\\/#breadcrumb\"},\"inLanguage\":\"de\",\"potentialAction\":[{\"@type\":\"ReadAction\",\"target\":[\"https:\\\/\\\/www.ambroise.nl\\\/de\\\/\"]}]},{\"@type\":\"BreadcrumbList\",\"@id\":\"https:\\\/\\\/www.ambroise.nl\\\/de\\\/#breadcrumb\",\"itemListElement\":[{\"@type\":\"ListItem\",\"position\":1,\"name\":\"Home\",\"item\":\"https:\\\/\\\/www.ambroise.nl\\\/de\\\/homepagina-2\\\/\"},{\"@type\":\"ListItem\",\"position\":2,\"name\":\"Startseite\"}]},{\"@type\":\"WebSite\",\"@id\":\"https:\\\/\\\/www.ambroise.nl\\\/de\\\/#website\",\"url\":\"https:\\\/\\\/www.ambroise.nl\\\/de\\\/\",\"name\":\"Ambroise\",\"description\":\"\",\"potentialAction\":[{\"@type\":\"SearchAction\",\"target\":{\"@type\":\"EntryPoint\",\"urlTemplate\":\"https:\\\/\\\/www.ambroise.nl\\\/de\\\/?s={search_term_string}\"},\"query-input\":{\"@type\":\"PropertyValueSpecification\",\"valueRequired\":true,\"valueName\":\"search_term_string\"}}],\"inLanguage\":\"de\"}]}<\/script>\n<!-- \/ Yoast SEO plugin. -->","yoast_head_json":{"title":"Ambroise - Experten f\u00fcr innovative Orthesen","description":"Leichte Orthesen (Korsett) zur Unterst\u00fctzung von Armen und Beinen. Beinorthesen, Knieorthesen, Fu\u00dforthesen, EVO, Schulterorthesen, Handgelenkorthesen, Klumpfu\u00df","robots":{"index":"index","follow":"follow","max-snippet":"max-snippet:-1","max-image-preview":"max-image-preview:large","max-video-preview":"max-video-preview:-1"},"canonical":"https:\/\/www.ambroise.nl\/de\/","og_locale":"de_DE","og_type":"article","og_title":"Ambroise - Experten f\u00fcr innovative Orthesen","og_description":"Leichte Orthesen (Korsett) zur Unterst\u00fctzung von Armen und Beinen. Beinorthesen, Knieorthesen, Fu\u00dforthesen, EVO, Schulterorthesen, Handgelenkorthesen, Klumpfu\u00df","og_url":"https:\/\/www.ambroise.nl\/de\/","og_site_name":"Ambroise","article_modified_time":"2025-07-29T12:08:33+00:00","twitter_card":"summary_large_image","twitter_misc":{"Gesch\u00e4tzte Lesezeit":"3\u00a0Minuten"},"schema":{"@context":"https:\/\/schema.org","@graph":[{"@type":"WebPage","@id":"https:\/\/www.ambroise.nl\/de\/","url":"https:\/\/www.ambroise.nl\/de\/","name":"Ambroise - Experten f\u00fcr innovative Orthesen","isPartOf":{"@id":"https:\/\/www.ambroise.nl\/de\/#website"},"datePublished":"2016-10-03T15:08:16+00:00","dateModified":"2025-07-29T12:08:33+00:00","description":"Leichte Orthesen (Korsett) zur Unterst\u00fctzung von Armen und Beinen. Beinorthesen, Knieorthesen, Fu\u00dforthesen, EVO, Schulterorthesen, Handgelenkorthesen, Klumpfu\u00df","breadcrumb":{"@id":"https:\/\/www.ambroise.nl\/de\/#breadcrumb"},"inLanguage":"de","potentialAction":[{"@type":"ReadAction","target":["https:\/\/www.ambroise.nl\/de\/"]}]},{"@type":"BreadcrumbList","@id":"https:\/\/www.ambroise.nl\/de\/#breadcrumb","itemListElement":[{"@type":"ListItem","position":1,"name":"Home","item":"https:\/\/www.ambroise.nl\/de\/homepagina-2\/"},{"@type":"ListItem","position":2,"name":"Startseite"}]},{"@type":"WebSite","@id":"https:\/\/www.ambroise.nl\/de\/#website","url":"https:\/\/www.ambroise.nl\/de\/","name":"Ambroise","description":"","potentialAction":[{"@type":"SearchAction","target":{"@type":"EntryPoint","urlTemplate":"https:\/\/www.ambroise.nl\/de\/?s={search_term_string}"},"query-input":{"@type":"PropertyValueSpecification","valueRequired":true,"valueName":"search_term_string"}}],"inLanguage":"de"}]}},"_links":{"self":[{"href":"https:\/\/www.ambroise.nl\/de\/wp-json\/wp\/v2\/pages\/2750","targetHints":{"allow":["GET"]}}],"collection":[{"href":"https:\/\/www.ambroise.nl\/de\/wp-json\/wp\/v2\/pages"}],"about":[{"href":"https:\/\/www.ambroise.nl\/de\/wp-json\/wp\/v2\/types\/page"}],"author":[{"embeddable":true,"href":"https:\/\/www.ambroise.nl\/de\/wp-json\/wp\/v2\/users\/1"}],"replies":[{"embeddable":true,"href":"https:\/\/www.ambroise.nl\/de\/wp-json\/wp\/v2\/comments?post=2750"}],"version-history":[{"count":1,"href":"https:\/\/www.ambroise.nl\/de\/wp-json\/wp\/v2\/pages\/2750\/revisions"}],"predecessor-version":[{"id":8275,"href":"https:\/\/www.ambroise.nl\/de\/wp-json\/wp\/v2\/pages\/2750\/revisions\/8275"}],"wp:attachment":[{"href":"https:\/\/www.ambroise.nl\/de\/wp-json\/wp\/v2\/media?parent=2750"}],"curies":[{"name":"wp","href":"https:\/\/api.w.org\/{rel}","templated":true}]}}