{"id":2775,"date":"2016-10-05T11:40:57","date_gmt":"2016-10-05T09:40:57","guid":{"rendered":"https:\/\/www.ambroise.nl\/over-ambroise\/"},"modified":"2025-07-29T14:15:48","modified_gmt":"2025-07-29T12:15:48","slug":"uber-ambroise-2","status":"publish","type":"page","link":"https:\/\/www.ambroise.nl\/de\/uber-ambroise-2\/","title":{"rendered":"\u00dcber Ambroise"},"content":{"rendered":"<h1>\u00dcber Ambroise<\/h1>\n","protected":false},"excerpt":{"rendered":"<p>\u00dcber Ambroise<\/p>\n","protected":false},"author":1,"featured_media":0,"parent":0,"menu_order":0,"comment_status":"closed","ping_status":"closed","template":"","meta":{"_acf_changed":false,"footnotes":""},"class_list":["post-2775","page","type-page","status-publish","hentry"],"acf":[],"yoast_head":"<!-- This site is optimized with the Yoast SEO plugin v27.2 - https:\/\/yoast.com\/product\/yoast-seo-wordpress\/ -->\n<title>\u00dcber Ambroise &#8226; Ambroise<\/title>\n<meta name=\"description\" content=\"Ambroise ist ein dynamisches niederl\u00e4ndisches Unternehmen, das seit seiner Gr\u00fcndung im Jahr 1994 f\u00fchrend in der Entwicklung von leichten dynamischen Orthesen ist.\" \/>\n<meta name=\"robots\" content=\"index, follow, max-snippet:-1, max-image-preview:large, max-video-preview:-1\" \/>\n<link rel=\"canonical\" href=\"https:\/\/www.ambroise.nl\/de\/uber-ambroise-2\/\" \/>\n<meta property=\"og:locale\" content=\"de_DE\" \/>\n<meta property=\"og:type\" content=\"article\" \/>\n<meta property=\"og:title\" content=\"\u00dcber Ambroise &#8226; Ambroise\" \/>\n<meta property=\"og:description\" content=\"Ambroise ist ein dynamisches niederl\u00e4ndisches Unternehmen, das seit seiner Gr\u00fcndung im Jahr 1994 f\u00fchrend in der Entwicklung von leichten dynamischen Orthesen ist.\" \/>\n<meta property=\"og:url\" content=\"https:\/\/www.ambroise.nl\/de\/uber-ambroise-2\/\" \/>\n<meta property=\"og:site_name\" content=\"Ambroise\" \/>\n<meta property=\"article:modified_time\" content=\"2025-07-29T12:15:48+00:00\" \/>\n<meta name=\"twitter:card\" content=\"summary_large_image\" \/>\n<script type=\"application\/ld+json\" class=\"yoast-schema-graph\">{\"@context\":\"https:\/\/schema.org\",\"@graph\":[{\"@type\":\"WebPage\",\"@id\":\"https:\/\/www.ambroise.nl\/de\/uber-ambroise-2\/\",\"url\":\"https:\/\/www.ambroise.nl\/de\/uber-ambroise-2\/\",\"name\":\"\u00dcber Ambroise &#8226; Ambroise\",\"isPartOf\":{\"@id\":\"https:\/\/www.ambroise.nl\/de\/#website\"},\"datePublished\":\"2016-10-05T09:40:57+00:00\",\"dateModified\":\"2025-07-29T12:15:48+00:00\",\"description\":\"Ambroise ist ein dynamisches niederl\u00e4ndisches Unternehmen, das seit seiner Gr\u00fcndung im Jahr 1994 f\u00fchrend in der Entwicklung von leichten dynamischen Orthesen ist.\",\"breadcrumb\":{\"@id\":\"https:\/\/www.ambroise.nl\/de\/uber-ambroise-2\/#breadcrumb\"},\"inLanguage\":\"de\",\"potentialAction\":[{\"@type\":\"ReadAction\",\"target\":[\"https:\/\/www.ambroise.nl\/de\/uber-ambroise-2\/\"]}]},{\"@type\":\"BreadcrumbList\",\"@id\":\"https:\/\/www.ambroise.nl\/de\/uber-ambroise-2\/#breadcrumb\",\"itemListElement\":[{\"@type\":\"ListItem\",\"position\":1,\"name\":\"Home\",\"item\":\"https:\/\/www.ambroise.nl\/de\/homepagina-2\/\"},{\"@type\":\"ListItem\",\"position\":2,\"name\":\"\u00dcber Ambroise\"}]},{\"@type\":\"WebSite\",\"@id\":\"https:\/\/www.ambroise.nl\/de\/#website\",\"url\":\"https:\/\/www.ambroise.nl\/de\/\",\"name\":\"Ambroise\",\"description\":\"\",\"potentialAction\":[{\"@type\":\"SearchAction\",\"target\":{\"@type\":\"EntryPoint\",\"urlTemplate\":\"https:\/\/www.ambroise.nl\/de\/?s={search_term_string}\"},\"query-input\":{\"@type\":\"PropertyValueSpecification\",\"valueRequired\":true,\"valueName\":\"search_term_string\"}}],\"inLanguage\":\"de\"}]}<\/script>\n<!-- \/ Yoast SEO plugin. -->","yoast_head_json":{"title":"\u00dcber Ambroise &#8226; Ambroise","description":"Ambroise ist ein dynamisches niederl\u00e4ndisches Unternehmen, das seit seiner Gr\u00fcndung im Jahr 1994 f\u00fchrend in der Entwicklung von leichten dynamischen Orthesen ist.","robots":{"index":"index","follow":"follow","max-snippet":"max-snippet:-1","max-image-preview":"max-image-preview:large","max-video-preview":"max-video-preview:-1"},"canonical":"https:\/\/www.ambroise.nl\/de\/uber-ambroise-2\/","og_locale":"de_DE","og_type":"article","og_title":"\u00dcber Ambroise &#8226; Ambroise","og_description":"Ambroise ist ein dynamisches niederl\u00e4ndisches Unternehmen, das seit seiner Gr\u00fcndung im Jahr 1994 f\u00fchrend in der Entwicklung von leichten dynamischen Orthesen ist.","og_url":"https:\/\/www.ambroise.nl\/de\/uber-ambroise-2\/","og_site_name":"Ambroise","article_modified_time":"2025-07-29T12:15:48+00:00","twitter_card":"summary_large_image","schema":{"@context":"https:\/\/schema.org","@graph":[{"@type":"WebPage","@id":"https:\/\/www.ambroise.nl\/de\/uber-ambroise-2\/","url":"https:\/\/www.ambroise.nl\/de\/uber-ambroise-2\/","name":"\u00dcber Ambroise &#8226; Ambroise","isPartOf":{"@id":"https:\/\/www.ambroise.nl\/de\/#website"},"datePublished":"2016-10-05T09:40:57+00:00","dateModified":"2025-07-29T12:15:48+00:00","description":"Ambroise ist ein dynamisches niederl\u00e4ndisches Unternehmen, das seit seiner Gr\u00fcndung im Jahr 1994 f\u00fchrend in der Entwicklung von leichten dynamischen Orthesen ist.","breadcrumb":{"@id":"https:\/\/www.ambroise.nl\/de\/uber-ambroise-2\/#breadcrumb"},"inLanguage":"de","potentialAction":[{"@type":"ReadAction","target":["https:\/\/www.ambroise.nl\/de\/uber-ambroise-2\/"]}]},{"@type":"BreadcrumbList","@id":"https:\/\/www.ambroise.nl\/de\/uber-ambroise-2\/#breadcrumb","itemListElement":[{"@type":"ListItem","position":1,"name":"Home","item":"https:\/\/www.ambroise.nl\/de\/homepagina-2\/"},{"@type":"ListItem","position":2,"name":"\u00dcber Ambroise"}]},{"@type":"WebSite","@id":"https:\/\/www.ambroise.nl\/de\/#website","url":"https:\/\/www.ambroise.nl\/de\/","name":"Ambroise","description":"","potentialAction":[{"@type":"SearchAction","target":{"@type":"EntryPoint","urlTemplate":"https:\/\/www.ambroise.nl\/de\/?s={search_term_string}"},"query-input":{"@type":"PropertyValueSpecification","valueRequired":true,"valueName":"search_term_string"}}],"inLanguage":"de"}]}},"_links":{"self":[{"href":"https:\/\/www.ambroise.nl\/de\/wp-json\/wp\/v2\/pages\/2775","targetHints":{"allow":["GET"]}}],"collection":[{"href":"https:\/\/www.ambroise.nl\/de\/wp-json\/wp\/v2\/pages"}],"about":[{"href":"https:\/\/www.ambroise.nl\/de\/wp-json\/wp\/v2\/types\/page"}],"author":[{"embeddable":true,"href":"https:\/\/www.ambroise.nl\/de\/wp-json\/wp\/v2\/users\/1"}],"replies":[{"embeddable":true,"href":"https:\/\/www.ambroise.nl\/de\/wp-json\/wp\/v2\/comments?post=2775"}],"version-history":[{"count":1,"href":"https:\/\/www.ambroise.nl\/de\/wp-json\/wp\/v2\/pages\/2775\/revisions"}],"predecessor-version":[{"id":8593,"href":"https:\/\/www.ambroise.nl\/de\/wp-json\/wp\/v2\/pages\/2775\/revisions\/8593"}],"wp:attachment":[{"href":"https:\/\/www.ambroise.nl\/de\/wp-json\/wp\/v2\/media?parent=2775"}],"curies":[{"name":"wp","href":"https:\/\/api.w.org\/{rel}","templated":true}]}}