{"id":2819,"date":"2016-10-05T11:41:23","date_gmt":"2016-10-05T09:41:23","guid":{"rendered":"https:\/\/www.ambroise.nl\/partners\/"},"modified":"2026-01-12T15:41:45","modified_gmt":"2026-01-12T14:41:45","slug":"partner","status":"publish","type":"page","link":"https:\/\/www.ambroise.nl\/de\/partner\/","title":{"rendered":"Partner"},"content":{"rendered":"<h1>Partner<\/h1>\n","protected":false},"excerpt":{"rendered":"<p>Partner<\/p>\n","protected":false},"author":1,"featured_media":0,"parent":0,"menu_order":0,"comment_status":"closed","ping_status":"closed","template":"","meta":{"_acf_changed":false,"footnotes":""},"class_list":["post-2819","page","type-page","status-publish","hentry"],"acf":[],"yoast_head":"<!-- This site is optimized with the Yoast SEO plugin v27.2 - https:\/\/yoast.com\/product\/yoast-seo-wordpress\/ -->\n<title>Partner &#8226; Ambroise<\/title>\n<meta name=\"description\" content=\"Entdecken Sie unsere lokalen und internationalen Partner, die uns dabei helfen, orthop\u00e4dische Hilfsmittel f\u00fcr mehr Patienten verf\u00fcgbar zu machen.\" \/>\n<meta name=\"robots\" content=\"index, follow, max-snippet:-1, max-image-preview:large, max-video-preview:-1\" \/>\n<link rel=\"canonical\" href=\"https:\/\/www.ambroise.nl\/de\/partner\/\" \/>\n<meta property=\"og:locale\" content=\"de_DE\" \/>\n<meta property=\"og:type\" content=\"article\" \/>\n<meta property=\"og:title\" content=\"Partner &#8226; Ambroise\" \/>\n<meta property=\"og:description\" content=\"Entdecken Sie unsere lokalen und internationalen Partner, die uns dabei helfen, orthop\u00e4dische Hilfsmittel f\u00fcr mehr Patienten verf\u00fcgbar zu machen.\" \/>\n<meta property=\"og:url\" content=\"https:\/\/www.ambroise.nl\/de\/partner\/\" \/>\n<meta property=\"og:site_name\" content=\"Ambroise\" \/>\n<meta property=\"article:modified_time\" content=\"2026-01-12T14:41:45+00:00\" \/>\n<meta name=\"twitter:card\" content=\"summary_large_image\" \/>\n<meta name=\"twitter:label1\" content=\"Gesch\u00e4tzte Lesezeit\" \/>\n\t<meta name=\"twitter:data1\" content=\"1\u00a0Minute\" \/>\n<script type=\"application\/ld+json\" class=\"yoast-schema-graph\">{\"@context\":\"https:\/\/schema.org\",\"@graph\":[{\"@type\":\"WebPage\",\"@id\":\"https:\/\/www.ambroise.nl\/de\/partner\/\",\"url\":\"https:\/\/www.ambroise.nl\/de\/partner\/\",\"name\":\"Partner &#8226; Ambroise\",\"isPartOf\":{\"@id\":\"https:\/\/www.ambroise.nl\/de\/#website\"},\"datePublished\":\"2016-10-05T09:41:23+00:00\",\"dateModified\":\"2026-01-12T14:41:45+00:00\",\"description\":\"Entdecken Sie unsere lokalen und internationalen Partner, die uns dabei helfen, orthop\u00e4dische Hilfsmittel f\u00fcr mehr Patienten verf\u00fcgbar zu machen.\",\"breadcrumb\":{\"@id\":\"https:\/\/www.ambroise.nl\/de\/partner\/#breadcrumb\"},\"inLanguage\":\"de\",\"potentialAction\":[{\"@type\":\"ReadAction\",\"target\":[\"https:\/\/www.ambroise.nl\/de\/partner\/\"]}]},{\"@type\":\"BreadcrumbList\",\"@id\":\"https:\/\/www.ambroise.nl\/de\/partner\/#breadcrumb\",\"itemListElement\":[{\"@type\":\"ListItem\",\"position\":1,\"name\":\"Home\",\"item\":\"https:\/\/www.ambroise.nl\/de\/homepagina-2\/\"},{\"@type\":\"ListItem\",\"position\":2,\"name\":\"Partner\"}]},{\"@type\":\"WebSite\",\"@id\":\"https:\/\/www.ambroise.nl\/de\/#website\",\"url\":\"https:\/\/www.ambroise.nl\/de\/\",\"name\":\"Ambroise\",\"description\":\"\",\"potentialAction\":[{\"@type\":\"SearchAction\",\"target\":{\"@type\":\"EntryPoint\",\"urlTemplate\":\"https:\/\/www.ambroise.nl\/de\/?s={search_term_string}\"},\"query-input\":{\"@type\":\"PropertyValueSpecification\",\"valueRequired\":true,\"valueName\":\"search_term_string\"}}],\"inLanguage\":\"de\"}]}<\/script>\n<!-- \/ Yoast SEO plugin. -->","yoast_head_json":{"title":"Partner &#8226; Ambroise","description":"Entdecken Sie unsere lokalen und internationalen Partner, die uns dabei helfen, orthop\u00e4dische Hilfsmittel f\u00fcr mehr Patienten verf\u00fcgbar zu machen.","robots":{"index":"index","follow":"follow","max-snippet":"max-snippet:-1","max-image-preview":"max-image-preview:large","max-video-preview":"max-video-preview:-1"},"canonical":"https:\/\/www.ambroise.nl\/de\/partner\/","og_locale":"de_DE","og_type":"article","og_title":"Partner &#8226; Ambroise","og_description":"Entdecken Sie unsere lokalen und internationalen Partner, die uns dabei helfen, orthop\u00e4dische Hilfsmittel f\u00fcr mehr Patienten verf\u00fcgbar zu machen.","og_url":"https:\/\/www.ambroise.nl\/de\/partner\/","og_site_name":"Ambroise","article_modified_time":"2026-01-12T14:41:45+00:00","twitter_card":"summary_large_image","twitter_misc":{"Gesch\u00e4tzte Lesezeit":"1\u00a0Minute"},"schema":{"@context":"https:\/\/schema.org","@graph":[{"@type":"WebPage","@id":"https:\/\/www.ambroise.nl\/de\/partner\/","url":"https:\/\/www.ambroise.nl\/de\/partner\/","name":"Partner &#8226; Ambroise","isPartOf":{"@id":"https:\/\/www.ambroise.nl\/de\/#website"},"datePublished":"2016-10-05T09:41:23+00:00","dateModified":"2026-01-12T14:41:45+00:00","description":"Entdecken Sie unsere lokalen und internationalen Partner, die uns dabei helfen, orthop\u00e4dische Hilfsmittel f\u00fcr mehr Patienten verf\u00fcgbar zu machen.","breadcrumb":{"@id":"https:\/\/www.ambroise.nl\/de\/partner\/#breadcrumb"},"inLanguage":"de","potentialAction":[{"@type":"ReadAction","target":["https:\/\/www.ambroise.nl\/de\/partner\/"]}]},{"@type":"BreadcrumbList","@id":"https:\/\/www.ambroise.nl\/de\/partner\/#breadcrumb","itemListElement":[{"@type":"ListItem","position":1,"name":"Home","item":"https:\/\/www.ambroise.nl\/de\/homepagina-2\/"},{"@type":"ListItem","position":2,"name":"Partner"}]},{"@type":"WebSite","@id":"https:\/\/www.ambroise.nl\/de\/#website","url":"https:\/\/www.ambroise.nl\/de\/","name":"Ambroise","description":"","potentialAction":[{"@type":"SearchAction","target":{"@type":"EntryPoint","urlTemplate":"https:\/\/www.ambroise.nl\/de\/?s={search_term_string}"},"query-input":{"@type":"PropertyValueSpecification","valueRequired":true,"valueName":"search_term_string"}}],"inLanguage":"de"}]}},"_links":{"self":[{"href":"https:\/\/www.ambroise.nl\/de\/wp-json\/wp\/v2\/pages\/2819","targetHints":{"allow":["GET"]}}],"collection":[{"href":"https:\/\/www.ambroise.nl\/de\/wp-json\/wp\/v2\/pages"}],"about":[{"href":"https:\/\/www.ambroise.nl\/de\/wp-json\/wp\/v2\/types\/page"}],"author":[{"embeddable":true,"href":"https:\/\/www.ambroise.nl\/de\/wp-json\/wp\/v2\/users\/1"}],"replies":[{"embeddable":true,"href":"https:\/\/www.ambroise.nl\/de\/wp-json\/wp\/v2\/comments?post=2819"}],"version-history":[{"count":1,"href":"https:\/\/www.ambroise.nl\/de\/wp-json\/wp\/v2\/pages\/2819\/revisions"}],"predecessor-version":[{"id":8512,"href":"https:\/\/www.ambroise.nl\/de\/wp-json\/wp\/v2\/pages\/2819\/revisions\/8512"}],"wp:attachment":[{"href":"https:\/\/www.ambroise.nl\/de\/wp-json\/wp\/v2\/media?parent=2819"}],"curies":[{"name":"wp","href":"https:\/\/api.w.org\/{rel}","templated":true}]}}