{"id":2929,"date":"2016-10-05T07:17:52","date_gmt":"2016-10-05T05:17:52","guid":{"rendered":"https:\/\/www.ambroise.nl\/beenorthesen\/"},"modified":"2025-07-29T15:35:36","modified_gmt":"2025-07-29T13:35:36","slug":"beinorthesen","status":"publish","type":"page","link":"https:\/\/www.ambroise.nl\/de\/beinorthesen\/","title":{"rendered":"Beinorthesen"},"content":{"rendered":"<h1>Beinorthesen<\/h1>\n<p>Wie k\u00f6nnen wir Sie auf den Beinen halten?<\/p>\n","protected":false},"excerpt":{"rendered":"<p>Beinorthesen Wie k\u00f6nnen wir Sie auf den Beinen halten?<\/p>\n","protected":false},"author":1,"featured_media":0,"parent":0,"menu_order":0,"comment_status":"closed","ping_status":"closed","template":"page-product-summary.php","meta":{"_acf_changed":false,"footnotes":""},"class_list":["post-2929","page","type-page","status-publish","hentry"],"acf":[],"yoast_head":"<!-- This site is optimized with the Yoast SEO plugin v27.3 - https:\/\/yoast.com\/product\/yoast-seo-wordpress\/ -->\n<title>Beinorthesen &#8226; Ambroise<\/title>\n<meta name=\"description\" content=\"Entdecken Sie innovative, ma\u00dfgefertigte Beinorthesen von Ambroise, die Komfort, Mobilit\u00e4t und Unterst\u00fctzung verbessern. Unsere fortschrittliche Technologie und pers\u00f6nliche Herangehensweise sorgen f\u00fcr Orthesen, die perfekt zu Ihren Bed\u00fcrfnissen und Ihrem Lebensstil passen.\" \/>\n<meta name=\"robots\" content=\"index, follow, max-snippet:-1, max-image-preview:large, max-video-preview:-1\" \/>\n<link rel=\"canonical\" href=\"https:\/\/www.ambroise.nl\/de\/beinorthesen\/\" \/>\n<meta property=\"og:locale\" content=\"de_DE\" \/>\n<meta property=\"og:type\" content=\"article\" \/>\n<meta property=\"og:title\" content=\"Beinorthesen &#8226; Ambroise\" \/>\n<meta property=\"og:description\" content=\"Entdecken Sie innovative, ma\u00dfgefertigte Beinorthesen von Ambroise, die Komfort, Mobilit\u00e4t und Unterst\u00fctzung verbessern. Unsere fortschrittliche Technologie und pers\u00f6nliche Herangehensweise sorgen f\u00fcr Orthesen, die perfekt zu Ihren Bed\u00fcrfnissen und Ihrem Lebensstil passen.\" \/>\n<meta property=\"og:url\" content=\"https:\/\/www.ambroise.nl\/de\/beinorthesen\/\" \/>\n<meta property=\"og:site_name\" content=\"Ambroise\" \/>\n<meta property=\"article:modified_time\" content=\"2025-07-29T13:35:36+00:00\" \/>\n<meta name=\"twitter:card\" content=\"summary_large_image\" \/>\n<meta name=\"twitter:label1\" content=\"Gesch\u00e4tzte Lesezeit\" \/>\n\t<meta name=\"twitter:data1\" content=\"3\u00a0Minuten\" \/>\n<script type=\"application\/ld+json\" class=\"yoast-schema-graph\">{\"@context\":\"https:\\\/\\\/schema.org\",\"@graph\":[{\"@type\":\"WebPage\",\"@id\":\"https:\\\/\\\/www.ambroise.nl\\\/de\\\/beinorthesen\\\/\",\"url\":\"https:\\\/\\\/www.ambroise.nl\\\/de\\\/beinorthesen\\\/\",\"name\":\"Beinorthesen &#8226; Ambroise\",\"isPartOf\":{\"@id\":\"https:\\\/\\\/www.ambroise.nl\\\/de\\\/#website\"},\"datePublished\":\"2016-10-05T05:17:52+00:00\",\"dateModified\":\"2025-07-29T13:35:36+00:00\",\"description\":\"Entdecken Sie innovative, ma\u00dfgefertigte Beinorthesen von Ambroise, die Komfort, Mobilit\u00e4t und Unterst\u00fctzung verbessern. Unsere fortschrittliche Technologie und pers\u00f6nliche Herangehensweise sorgen f\u00fcr Orthesen, die perfekt zu Ihren Bed\u00fcrfnissen und Ihrem Lebensstil passen.\",\"breadcrumb\":{\"@id\":\"https:\\\/\\\/www.ambroise.nl\\\/de\\\/beinorthesen\\\/#breadcrumb\"},\"inLanguage\":\"de\",\"potentialAction\":[{\"@type\":\"ReadAction\",\"target\":[\"https:\\\/\\\/www.ambroise.nl\\\/de\\\/beinorthesen\\\/\"]}]},{\"@type\":\"BreadcrumbList\",\"@id\":\"https:\\\/\\\/www.ambroise.nl\\\/de\\\/beinorthesen\\\/#breadcrumb\",\"itemListElement\":[{\"@type\":\"ListItem\",\"position\":1,\"name\":\"Home\",\"item\":\"https:\\\/\\\/www.ambroise.nl\\\/de\\\/homepagina-2\\\/\"},{\"@type\":\"ListItem\",\"position\":2,\"name\":\"Beinorthesen\"}]},{\"@type\":\"WebSite\",\"@id\":\"https:\\\/\\\/www.ambroise.nl\\\/de\\\/#website\",\"url\":\"https:\\\/\\\/www.ambroise.nl\\\/de\\\/\",\"name\":\"Ambroise\",\"description\":\"\",\"potentialAction\":[{\"@type\":\"SearchAction\",\"target\":{\"@type\":\"EntryPoint\",\"urlTemplate\":\"https:\\\/\\\/www.ambroise.nl\\\/de\\\/?s={search_term_string}\"},\"query-input\":{\"@type\":\"PropertyValueSpecification\",\"valueRequired\":true,\"valueName\":\"search_term_string\"}}],\"inLanguage\":\"de\"}]}<\/script>\n<!-- \/ Yoast SEO plugin. -->","yoast_head_json":{"title":"Beinorthesen &#8226; Ambroise","description":"Entdecken Sie innovative, ma\u00dfgefertigte Beinorthesen von Ambroise, die Komfort, Mobilit\u00e4t und Unterst\u00fctzung verbessern. Unsere fortschrittliche Technologie und pers\u00f6nliche Herangehensweise sorgen f\u00fcr Orthesen, die perfekt zu Ihren Bed\u00fcrfnissen und Ihrem Lebensstil passen.","robots":{"index":"index","follow":"follow","max-snippet":"max-snippet:-1","max-image-preview":"max-image-preview:large","max-video-preview":"max-video-preview:-1"},"canonical":"https:\/\/www.ambroise.nl\/de\/beinorthesen\/","og_locale":"de_DE","og_type":"article","og_title":"Beinorthesen &#8226; Ambroise","og_description":"Entdecken Sie innovative, ma\u00dfgefertigte Beinorthesen von Ambroise, die Komfort, Mobilit\u00e4t und Unterst\u00fctzung verbessern. Unsere fortschrittliche Technologie und pers\u00f6nliche Herangehensweise sorgen f\u00fcr Orthesen, die perfekt zu Ihren Bed\u00fcrfnissen und Ihrem Lebensstil passen.","og_url":"https:\/\/www.ambroise.nl\/de\/beinorthesen\/","og_site_name":"Ambroise","article_modified_time":"2025-07-29T13:35:36+00:00","twitter_card":"summary_large_image","twitter_misc":{"Gesch\u00e4tzte Lesezeit":"3\u00a0Minuten"},"schema":{"@context":"https:\/\/schema.org","@graph":[{"@type":"WebPage","@id":"https:\/\/www.ambroise.nl\/de\/beinorthesen\/","url":"https:\/\/www.ambroise.nl\/de\/beinorthesen\/","name":"Beinorthesen &#8226; Ambroise","isPartOf":{"@id":"https:\/\/www.ambroise.nl\/de\/#website"},"datePublished":"2016-10-05T05:17:52+00:00","dateModified":"2025-07-29T13:35:36+00:00","description":"Entdecken Sie innovative, ma\u00dfgefertigte Beinorthesen von Ambroise, die Komfort, Mobilit\u00e4t und Unterst\u00fctzung verbessern. Unsere fortschrittliche Technologie und pers\u00f6nliche Herangehensweise sorgen f\u00fcr Orthesen, die perfekt zu Ihren Bed\u00fcrfnissen und Ihrem Lebensstil passen.","breadcrumb":{"@id":"https:\/\/www.ambroise.nl\/de\/beinorthesen\/#breadcrumb"},"inLanguage":"de","potentialAction":[{"@type":"ReadAction","target":["https:\/\/www.ambroise.nl\/de\/beinorthesen\/"]}]},{"@type":"BreadcrumbList","@id":"https:\/\/www.ambroise.nl\/de\/beinorthesen\/#breadcrumb","itemListElement":[{"@type":"ListItem","position":1,"name":"Home","item":"https:\/\/www.ambroise.nl\/de\/homepagina-2\/"},{"@type":"ListItem","position":2,"name":"Beinorthesen"}]},{"@type":"WebSite","@id":"https:\/\/www.ambroise.nl\/de\/#website","url":"https:\/\/www.ambroise.nl\/de\/","name":"Ambroise","description":"","potentialAction":[{"@type":"SearchAction","target":{"@type":"EntryPoint","urlTemplate":"https:\/\/www.ambroise.nl\/de\/?s={search_term_string}"},"query-input":{"@type":"PropertyValueSpecification","valueRequired":true,"valueName":"search_term_string"}}],"inLanguage":"de"}]}},"_links":{"self":[{"href":"https:\/\/www.ambroise.nl\/de\/wp-json\/wp\/v2\/pages\/2929","targetHints":{"allow":["GET"]}}],"collection":[{"href":"https:\/\/www.ambroise.nl\/de\/wp-json\/wp\/v2\/pages"}],"about":[{"href":"https:\/\/www.ambroise.nl\/de\/wp-json\/wp\/v2\/types\/page"}],"author":[{"embeddable":true,"href":"https:\/\/www.ambroise.nl\/de\/wp-json\/wp\/v2\/users\/1"}],"replies":[{"embeddable":true,"href":"https:\/\/www.ambroise.nl\/de\/wp-json\/wp\/v2\/comments?post=2929"}],"version-history":[{"count":1,"href":"https:\/\/www.ambroise.nl\/de\/wp-json\/wp\/v2\/pages\/2929\/revisions"}],"predecessor-version":[{"id":8494,"href":"https:\/\/www.ambroise.nl\/de\/wp-json\/wp\/v2\/pages\/2929\/revisions\/8494"}],"wp:attachment":[{"href":"https:\/\/www.ambroise.nl\/de\/wp-json\/wp\/v2\/media?parent=2929"}],"curies":[{"name":"wp","href":"https:\/\/api.w.org\/{rel}","templated":true}]}}