{"id":2980,"date":"2017-01-16T17:28:19","date_gmt":"2017-01-16T16:28:19","guid":{"rendered":"https:\/\/www.ambroise.nl\/beenorthesen\/utx-lange-beenbeugel\/utx-stabil\/"},"modified":"2025-07-25T15:48:34","modified_gmt":"2025-07-25T13:48:34","slug":"utx-stabil","status":"publish","type":"page","link":"https:\/\/www.ambroise.nl\/de\/beinorthesen\/utx-lange-beinschiene\/utx-stabil\/","title":{"rendered":"UTX STABIL"},"content":{"rendered":"<h1>UTX STABIL<\/h1>\n<p>Sicher, stabil und doch leichtgewichtig<\/p>\n","protected":false},"excerpt":{"rendered":"<p>UTX STABIL Sicher, stabil und doch leichtgewichtig<\/p>\n","protected":false},"author":3,"featured_media":5394,"parent":2937,"menu_order":0,"comment_status":"closed","ping_status":"closed","template":"page-product-detail.php","meta":{"_acf_changed":false,"footnotes":""},"class_list":["post-2980","page","type-page","status-publish","has-post-thumbnail","hentry"],"acf":[],"yoast_head":"<!-- This site is optimized with the Yoast SEO plugin v27.2 - https:\/\/yoast.com\/product\/yoast-seo-wordpress\/ -->\n<title>UTX STABIL Beinorthese Ambroise<\/title>\n<meta name=\"description\" content=\"UTX STABIL Beinorthese - Stabile Knief\u00fchrung w\u00e4hrend des gesamten Gehzyklus. F\u00fcr Menschen mit geschw\u00e4chter Beinmuskulatur. Mit intelligenter Verriegelung \u2013 einfach zu entriegeln, ganz ohne B\u00fccken.\" \/>\n<meta name=\"robots\" content=\"index, follow, max-snippet:-1, max-image-preview:large, max-video-preview:-1\" \/>\n<link rel=\"canonical\" href=\"https:\/\/www.ambroise.nl\/de\/beinorthesen\/utx-lange-beinschiene\/utx-stabil\/\" \/>\n<meta property=\"og:locale\" content=\"de_DE\" \/>\n<meta property=\"og:type\" content=\"article\" \/>\n<meta property=\"og:title\" content=\"UTX STABIL Beinorthese Ambroise\" \/>\n<meta property=\"og:description\" content=\"UTX STABIL Beinorthese - Stabile Knief\u00fchrung w\u00e4hrend des gesamten Gehzyklus. F\u00fcr Menschen mit geschw\u00e4chter Beinmuskulatur. Mit intelligenter Verriegelung \u2013 einfach zu entriegeln, ganz ohne B\u00fccken.\" \/>\n<meta property=\"og:url\" content=\"https:\/\/www.ambroise.nl\/de\/beinorthesen\/utx-lange-beinschiene\/utx-stabil\/\" \/>\n<meta property=\"og:site_name\" content=\"Ambroise\" \/>\n<meta property=\"article:modified_time\" content=\"2025-07-25T13:48:34+00:00\" \/>\n<meta property=\"og:image\" content=\"https:\/\/www.ambroise.nl\/wp-content\/uploads\/2016\/10\/UTX-SWING.png\" \/>\n\t<meta property=\"og:image:width\" content=\"303\" \/>\n\t<meta property=\"og:image:height\" content=\"1000\" \/>\n\t<meta property=\"og:image:type\" content=\"image\/png\" \/>\n<meta name=\"twitter:card\" content=\"summary_large_image\" \/>\n<script type=\"application\/ld+json\" class=\"yoast-schema-graph\">{\"@context\":\"https:\/\/schema.org\",\"@graph\":[{\"@type\":\"WebPage\",\"@id\":\"https:\/\/www.ambroise.nl\/de\/beinorthesen\/utx-lange-beinschiene\/utx-stabil\/\",\"url\":\"https:\/\/www.ambroise.nl\/de\/beinorthesen\/utx-lange-beinschiene\/utx-stabil\/\",\"name\":\"UTX STABIL Beinorthese Ambroise\",\"isPartOf\":{\"@id\":\"https:\/\/www.ambroise.nl\/de\/#website\"},\"primaryImageOfPage\":{\"@id\":\"https:\/\/www.ambroise.nl\/de\/beinorthesen\/utx-lange-beinschiene\/utx-stabil\/#primaryimage\"},\"image\":{\"@id\":\"https:\/\/www.ambroise.nl\/de\/beinorthesen\/utx-lange-beinschiene\/utx-stabil\/#primaryimage\"},\"thumbnailUrl\":\"https:\/\/www.ambroise.nl\/wp-content\/uploads\/2016\/10\/UTX-SWING.png\",\"datePublished\":\"2017-01-16T16:28:19+00:00\",\"dateModified\":\"2025-07-25T13:48:34+00:00\",\"description\":\"UTX STABIL Beinorthese - Stabile Knief\u00fchrung w\u00e4hrend des gesamten Gehzyklus. F\u00fcr Menschen mit geschw\u00e4chter Beinmuskulatur. Mit intelligenter Verriegelung \u2013 einfach zu entriegeln, ganz ohne B\u00fccken.\",\"breadcrumb\":{\"@id\":\"https:\/\/www.ambroise.nl\/de\/beinorthesen\/utx-lange-beinschiene\/utx-stabil\/#breadcrumb\"},\"inLanguage\":\"de\",\"potentialAction\":[{\"@type\":\"ReadAction\",\"target\":[\"https:\/\/www.ambroise.nl\/de\/beinorthesen\/utx-lange-beinschiene\/utx-stabil\/\"]}]},{\"@type\":\"ImageObject\",\"inLanguage\":\"de\",\"@id\":\"https:\/\/www.ambroise.nl\/de\/beinorthesen\/utx-lange-beinschiene\/utx-stabil\/#primaryimage\",\"url\":\"https:\/\/www.ambroise.nl\/wp-content\/uploads\/2016\/10\/UTX-SWING.png\",\"contentUrl\":\"https:\/\/www.ambroise.nl\/wp-content\/uploads\/2016\/10\/UTX-SWING.png\",\"width\":303,\"height\":1000},{\"@type\":\"BreadcrumbList\",\"@id\":\"https:\/\/www.ambroise.nl\/de\/beinorthesen\/utx-lange-beinschiene\/utx-stabil\/#breadcrumb\",\"itemListElement\":[{\"@type\":\"ListItem\",\"position\":1,\"name\":\"Home\",\"item\":\"https:\/\/www.ambroise.nl\/de\/homepagina-2\/\"},{\"@type\":\"ListItem\",\"position\":2,\"name\":\"Beinorthesen\",\"item\":\"https:\/\/www.ambroise.nl\/de\/beinorthesen\/\"},{\"@type\":\"ListItem\",\"position\":3,\"name\":\"UTX Serie\",\"item\":\"https:\/\/www.ambroise.nl\/de\/beinorthesen\/utx-lange-beinschiene\/\"},{\"@type\":\"ListItem\",\"position\":4,\"name\":\"UTX STABIL\"}]},{\"@type\":\"WebSite\",\"@id\":\"https:\/\/www.ambroise.nl\/de\/#website\",\"url\":\"https:\/\/www.ambroise.nl\/de\/\",\"name\":\"Ambroise\",\"description\":\"\",\"potentialAction\":[{\"@type\":\"SearchAction\",\"target\":{\"@type\":\"EntryPoint\",\"urlTemplate\":\"https:\/\/www.ambroise.nl\/de\/?s={search_term_string}\"},\"query-input\":{\"@type\":\"PropertyValueSpecification\",\"valueRequired\":true,\"valueName\":\"search_term_string\"}}],\"inLanguage\":\"de\"}]}<\/script>\n<!-- \/ Yoast SEO plugin. -->","yoast_head_json":{"title":"UTX STABIL Beinorthese Ambroise","description":"UTX STABIL Beinorthese - Stabile Knief\u00fchrung w\u00e4hrend des gesamten Gehzyklus. F\u00fcr Menschen mit geschw\u00e4chter Beinmuskulatur. Mit intelligenter Verriegelung \u2013 einfach zu entriegeln, ganz ohne B\u00fccken.","robots":{"index":"index","follow":"follow","max-snippet":"max-snippet:-1","max-image-preview":"max-image-preview:large","max-video-preview":"max-video-preview:-1"},"canonical":"https:\/\/www.ambroise.nl\/de\/beinorthesen\/utx-lange-beinschiene\/utx-stabil\/","og_locale":"de_DE","og_type":"article","og_title":"UTX STABIL Beinorthese Ambroise","og_description":"UTX STABIL Beinorthese - Stabile Knief\u00fchrung w\u00e4hrend des gesamten Gehzyklus. F\u00fcr Menschen mit geschw\u00e4chter Beinmuskulatur. Mit intelligenter Verriegelung \u2013 einfach zu entriegeln, ganz ohne B\u00fccken.","og_url":"https:\/\/www.ambroise.nl\/de\/beinorthesen\/utx-lange-beinschiene\/utx-stabil\/","og_site_name":"Ambroise","article_modified_time":"2025-07-25T13:48:34+00:00","og_image":[{"width":303,"height":1000,"url":"https:\/\/www.ambroise.nl\/wp-content\/uploads\/2016\/10\/UTX-SWING.png","type":"image\/png"}],"twitter_card":"summary_large_image","schema":{"@context":"https:\/\/schema.org","@graph":[{"@type":"WebPage","@id":"https:\/\/www.ambroise.nl\/de\/beinorthesen\/utx-lange-beinschiene\/utx-stabil\/","url":"https:\/\/www.ambroise.nl\/de\/beinorthesen\/utx-lange-beinschiene\/utx-stabil\/","name":"UTX STABIL Beinorthese Ambroise","isPartOf":{"@id":"https:\/\/www.ambroise.nl\/de\/#website"},"primaryImageOfPage":{"@id":"https:\/\/www.ambroise.nl\/de\/beinorthesen\/utx-lange-beinschiene\/utx-stabil\/#primaryimage"},"image":{"@id":"https:\/\/www.ambroise.nl\/de\/beinorthesen\/utx-lange-beinschiene\/utx-stabil\/#primaryimage"},"thumbnailUrl":"https:\/\/www.ambroise.nl\/wp-content\/uploads\/2016\/10\/UTX-SWING.png","datePublished":"2017-01-16T16:28:19+00:00","dateModified":"2025-07-25T13:48:34+00:00","description":"UTX STABIL Beinorthese - Stabile Knief\u00fchrung w\u00e4hrend des gesamten Gehzyklus. F\u00fcr Menschen mit geschw\u00e4chter Beinmuskulatur. Mit intelligenter Verriegelung \u2013 einfach zu entriegeln, ganz ohne B\u00fccken.","breadcrumb":{"@id":"https:\/\/www.ambroise.nl\/de\/beinorthesen\/utx-lange-beinschiene\/utx-stabil\/#breadcrumb"},"inLanguage":"de","potentialAction":[{"@type":"ReadAction","target":["https:\/\/www.ambroise.nl\/de\/beinorthesen\/utx-lange-beinschiene\/utx-stabil\/"]}]},{"@type":"ImageObject","inLanguage":"de","@id":"https:\/\/www.ambroise.nl\/de\/beinorthesen\/utx-lange-beinschiene\/utx-stabil\/#primaryimage","url":"https:\/\/www.ambroise.nl\/wp-content\/uploads\/2016\/10\/UTX-SWING.png","contentUrl":"https:\/\/www.ambroise.nl\/wp-content\/uploads\/2016\/10\/UTX-SWING.png","width":303,"height":1000},{"@type":"BreadcrumbList","@id":"https:\/\/www.ambroise.nl\/de\/beinorthesen\/utx-lange-beinschiene\/utx-stabil\/#breadcrumb","itemListElement":[{"@type":"ListItem","position":1,"name":"Home","item":"https:\/\/www.ambroise.nl\/de\/homepagina-2\/"},{"@type":"ListItem","position":2,"name":"Beinorthesen","item":"https:\/\/www.ambroise.nl\/de\/beinorthesen\/"},{"@type":"ListItem","position":3,"name":"UTX Serie","item":"https:\/\/www.ambroise.nl\/de\/beinorthesen\/utx-lange-beinschiene\/"},{"@type":"ListItem","position":4,"name":"UTX STABIL"}]},{"@type":"WebSite","@id":"https:\/\/www.ambroise.nl\/de\/#website","url":"https:\/\/www.ambroise.nl\/de\/","name":"Ambroise","description":"","potentialAction":[{"@type":"SearchAction","target":{"@type":"EntryPoint","urlTemplate":"https:\/\/www.ambroise.nl\/de\/?s={search_term_string}"},"query-input":{"@type":"PropertyValueSpecification","valueRequired":true,"valueName":"search_term_string"}}],"inLanguage":"de"}]}},"_links":{"self":[{"href":"https:\/\/www.ambroise.nl\/de\/wp-json\/wp\/v2\/pages\/2980","targetHints":{"allow":["GET"]}}],"collection":[{"href":"https:\/\/www.ambroise.nl\/de\/wp-json\/wp\/v2\/pages"}],"about":[{"href":"https:\/\/www.ambroise.nl\/de\/wp-json\/wp\/v2\/types\/page"}],"author":[{"embeddable":true,"href":"https:\/\/www.ambroise.nl\/de\/wp-json\/wp\/v2\/users\/3"}],"replies":[{"embeddable":true,"href":"https:\/\/www.ambroise.nl\/de\/wp-json\/wp\/v2\/comments?post=2980"}],"version-history":[{"count":1,"href":"https:\/\/www.ambroise.nl\/de\/wp-json\/wp\/v2\/pages\/2980\/revisions"}],"predecessor-version":[{"id":8533,"href":"https:\/\/www.ambroise.nl\/de\/wp-json\/wp\/v2\/pages\/2980\/revisions\/8533"}],"up":[{"embeddable":true,"href":"https:\/\/www.ambroise.nl\/de\/wp-json\/wp\/v2\/pages\/2937"}],"wp:featuredmedia":[{"embeddable":true,"href":"https:\/\/www.ambroise.nl\/de\/wp-json\/wp\/v2\/media\/5394"}],"wp:attachment":[{"href":"https:\/\/www.ambroise.nl\/de\/wp-json\/wp\/v2\/media?parent=2980"}],"curies":[{"name":"wp","href":"https:\/\/api.w.org\/{rel}","templated":true}]}}