{"id":3382,"date":"2016-10-18T16:47:18","date_gmt":"2016-10-18T14:47:18","guid":{"rendered":"https:\/\/www.ambroise.nl\/beinorthesen\/enkel-voetorthesen\/dynamische-enkel-voetorthese\/"},"modified":"2025-07-16T16:02:32","modified_gmt":"2025-07-16T14:02:32","slug":"dynamische-knochel-und-fussorthese","status":"publish","type":"page","link":"https:\/\/www.ambroise.nl\/de\/beinorthesen\/knochel-und-fussorthesen\/dynamische-knochel-und-fussorthese\/","title":{"rendered":"Dynamische Sprunggelenk-Fu\u00df-Orthese (AFO)"},"content":{"rendered":"<h1>Dynamische Sprunggelenk-Fu\u00df-Orthese (AFO)<\/h1>\n<p>Optimales Auffangen des Fu\u00dfes,<\/p>\n<p>auch bei Spastizit\u00e4t<\/p>\n","protected":false},"excerpt":{"rendered":"<p>Dynamische Sprunggelenk-Fu\u00df-Orthese (AFO) Optimales Auffangen des Fu\u00dfes, auch bei Spastizit\u00e4t<\/p>\n","protected":false},"author":3,"featured_media":6959,"parent":3322,"menu_order":0,"comment_status":"closed","ping_status":"closed","template":"page-product-detail.php","meta":{"_acf_changed":false,"footnotes":""},"class_list":["post-3382","page","type-page","status-publish","has-post-thumbnail","hentry"],"acf":[],"yoast_head":"<!-- This site is optimized with the Yoast SEO plugin v27.3 - https:\/\/yoast.com\/product\/yoast-seo-wordpress\/ -->\n<title>Dynamische Sprunggelenk-Fu\u00df-Orthese (AFO) &#8226; Ambroise<\/title>\n<meta name=\"description\" content=\"Diese Sprunggelenk-Fu\u00df-Orthese (AFO) \/ Fu\u00dfgelenkorthese \/ Fu\u00dfschiene bietet optimale Unterst\u00fctzung \u2013 auch bei Spastik. Individuell nach Ma\u00df gefertigt, ganz ohne Gipsabdruck.\" \/>\n<meta name=\"robots\" content=\"index, follow, max-snippet:-1, max-image-preview:large, max-video-preview:-1\" \/>\n<link rel=\"canonical\" href=\"https:\/\/www.ambroise.nl\/de\/beinorthesen\/knochel-und-fussorthesen\/dynamische-knochel-und-fussorthese\/\" \/>\n<meta property=\"og:locale\" content=\"de_DE\" \/>\n<meta property=\"og:type\" content=\"article\" \/>\n<meta property=\"og:title\" content=\"Dynamische Sprunggelenk-Fu\u00df-Orthese (AFO) &#8226; Ambroise\" \/>\n<meta property=\"og:description\" content=\"Diese Sprunggelenk-Fu\u00df-Orthese (AFO) \/ Fu\u00dfgelenkorthese \/ Fu\u00dfschiene bietet optimale Unterst\u00fctzung \u2013 auch bei Spastik. Individuell nach Ma\u00df gefertigt, ganz ohne Gipsabdruck.\" \/>\n<meta property=\"og:url\" content=\"https:\/\/www.ambroise.nl\/de\/beinorthesen\/knochel-und-fussorthesen\/dynamische-knochel-und-fussorthese\/\" \/>\n<meta property=\"og:site_name\" content=\"Ambroise\" \/>\n<meta property=\"article:modified_time\" content=\"2025-07-16T14:02:32+00:00\" \/>\n<meta property=\"og:image\" content=\"https:\/\/www.ambroise.nl\/wp-content\/uploads\/2021\/12\/EVO-dynamisch.png\" \/>\n\t<meta property=\"og:image:width\" content=\"400\" \/>\n\t<meta property=\"og:image:height\" content=\"600\" \/>\n\t<meta property=\"og:image:type\" content=\"image\/png\" \/>\n<meta name=\"twitter:card\" content=\"summary_large_image\" \/>\n<script type=\"application\/ld+json\" class=\"yoast-schema-graph\">{\"@context\":\"https:\\\/\\\/schema.org\",\"@graph\":[{\"@type\":\"WebPage\",\"@id\":\"https:\\\/\\\/www.ambroise.nl\\\/de\\\/beinorthesen\\\/knochel-und-fussorthesen\\\/dynamische-knochel-und-fussorthese\\\/\",\"url\":\"https:\\\/\\\/www.ambroise.nl\\\/de\\\/beinorthesen\\\/knochel-und-fussorthesen\\\/dynamische-knochel-und-fussorthese\\\/\",\"name\":\"Dynamische Sprunggelenk-Fu\u00df-Orthese (AFO) &#8226; Ambroise\",\"isPartOf\":{\"@id\":\"https:\\\/\\\/www.ambroise.nl\\\/de\\\/#website\"},\"primaryImageOfPage\":{\"@id\":\"https:\\\/\\\/www.ambroise.nl\\\/de\\\/beinorthesen\\\/knochel-und-fussorthesen\\\/dynamische-knochel-und-fussorthese\\\/#primaryimage\"},\"image\":{\"@id\":\"https:\\\/\\\/www.ambroise.nl\\\/de\\\/beinorthesen\\\/knochel-und-fussorthesen\\\/dynamische-knochel-und-fussorthese\\\/#primaryimage\"},\"thumbnailUrl\":\"https:\\\/\\\/www.ambroise.nl\\\/wp-content\\\/uploads\\\/2021\\\/12\\\/EVO-dynamisch.png\",\"datePublished\":\"2016-10-18T14:47:18+00:00\",\"dateModified\":\"2025-07-16T14:02:32+00:00\",\"description\":\"Diese Sprunggelenk-Fu\u00df-Orthese (AFO) \\\/ Fu\u00dfgelenkorthese \\\/ Fu\u00dfschiene bietet optimale Unterst\u00fctzung \u2013 auch bei Spastik. Individuell nach Ma\u00df gefertigt, ganz ohne Gipsabdruck.\",\"breadcrumb\":{\"@id\":\"https:\\\/\\\/www.ambroise.nl\\\/de\\\/beinorthesen\\\/knochel-und-fussorthesen\\\/dynamische-knochel-und-fussorthese\\\/#breadcrumb\"},\"inLanguage\":\"de\",\"potentialAction\":[{\"@type\":\"ReadAction\",\"target\":[\"https:\\\/\\\/www.ambroise.nl\\\/de\\\/beinorthesen\\\/knochel-und-fussorthesen\\\/dynamische-knochel-und-fussorthese\\\/\"]}]},{\"@type\":\"ImageObject\",\"inLanguage\":\"de\",\"@id\":\"https:\\\/\\\/www.ambroise.nl\\\/de\\\/beinorthesen\\\/knochel-und-fussorthesen\\\/dynamische-knochel-und-fussorthese\\\/#primaryimage\",\"url\":\"https:\\\/\\\/www.ambroise.nl\\\/wp-content\\\/uploads\\\/2021\\\/12\\\/EVO-dynamisch.png\",\"contentUrl\":\"https:\\\/\\\/www.ambroise.nl\\\/wp-content\\\/uploads\\\/2021\\\/12\\\/EVO-dynamisch.png\",\"width\":400,\"height\":600},{\"@type\":\"BreadcrumbList\",\"@id\":\"https:\\\/\\\/www.ambroise.nl\\\/de\\\/beinorthesen\\\/knochel-und-fussorthesen\\\/dynamische-knochel-und-fussorthese\\\/#breadcrumb\",\"itemListElement\":[{\"@type\":\"ListItem\",\"position\":1,\"name\":\"Home\",\"item\":\"https:\\\/\\\/www.ambroise.nl\\\/de\\\/homepagina-2\\\/\"},{\"@type\":\"ListItem\",\"position\":2,\"name\":\"Beinorthesen\",\"item\":\"https:\\\/\\\/www.ambroise.nl\\\/de\\\/beinorthesen\\\/\"},{\"@type\":\"ListItem\",\"position\":3,\"name\":\"Kn\u00f6chel- und Fu\u00dforthesen\",\"item\":\"https:\\\/\\\/www.ambroise.nl\\\/de\\\/beinorthesen\\\/knochel-und-fussorthesen\\\/\"},{\"@type\":\"ListItem\",\"position\":4,\"name\":\"Dynamische Sprunggelenk-Fu\u00df-Orthese (AFO)\"}]},{\"@type\":\"WebSite\",\"@id\":\"https:\\\/\\\/www.ambroise.nl\\\/de\\\/#website\",\"url\":\"https:\\\/\\\/www.ambroise.nl\\\/de\\\/\",\"name\":\"Ambroise\",\"description\":\"\",\"potentialAction\":[{\"@type\":\"SearchAction\",\"target\":{\"@type\":\"EntryPoint\",\"urlTemplate\":\"https:\\\/\\\/www.ambroise.nl\\\/de\\\/?s={search_term_string}\"},\"query-input\":{\"@type\":\"PropertyValueSpecification\",\"valueRequired\":true,\"valueName\":\"search_term_string\"}}],\"inLanguage\":\"de\"}]}<\/script>\n<!-- \/ Yoast SEO plugin. -->","yoast_head_json":{"title":"Dynamische Sprunggelenk-Fu\u00df-Orthese (AFO) &#8226; Ambroise","description":"Diese Sprunggelenk-Fu\u00df-Orthese (AFO) \/ Fu\u00dfgelenkorthese \/ Fu\u00dfschiene bietet optimale Unterst\u00fctzung \u2013 auch bei Spastik. Individuell nach Ma\u00df gefertigt, ganz ohne Gipsabdruck.","robots":{"index":"index","follow":"follow","max-snippet":"max-snippet:-1","max-image-preview":"max-image-preview:large","max-video-preview":"max-video-preview:-1"},"canonical":"https:\/\/www.ambroise.nl\/de\/beinorthesen\/knochel-und-fussorthesen\/dynamische-knochel-und-fussorthese\/","og_locale":"de_DE","og_type":"article","og_title":"Dynamische Sprunggelenk-Fu\u00df-Orthese (AFO) &#8226; Ambroise","og_description":"Diese Sprunggelenk-Fu\u00df-Orthese (AFO) \/ Fu\u00dfgelenkorthese \/ Fu\u00dfschiene bietet optimale Unterst\u00fctzung \u2013 auch bei Spastik. Individuell nach Ma\u00df gefertigt, ganz ohne Gipsabdruck.","og_url":"https:\/\/www.ambroise.nl\/de\/beinorthesen\/knochel-und-fussorthesen\/dynamische-knochel-und-fussorthese\/","og_site_name":"Ambroise","article_modified_time":"2025-07-16T14:02:32+00:00","og_image":[{"width":400,"height":600,"url":"https:\/\/www.ambroise.nl\/wp-content\/uploads\/2021\/12\/EVO-dynamisch.png","type":"image\/png"}],"twitter_card":"summary_large_image","schema":{"@context":"https:\/\/schema.org","@graph":[{"@type":"WebPage","@id":"https:\/\/www.ambroise.nl\/de\/beinorthesen\/knochel-und-fussorthesen\/dynamische-knochel-und-fussorthese\/","url":"https:\/\/www.ambroise.nl\/de\/beinorthesen\/knochel-und-fussorthesen\/dynamische-knochel-und-fussorthese\/","name":"Dynamische Sprunggelenk-Fu\u00df-Orthese (AFO) &#8226; Ambroise","isPartOf":{"@id":"https:\/\/www.ambroise.nl\/de\/#website"},"primaryImageOfPage":{"@id":"https:\/\/www.ambroise.nl\/de\/beinorthesen\/knochel-und-fussorthesen\/dynamische-knochel-und-fussorthese\/#primaryimage"},"image":{"@id":"https:\/\/www.ambroise.nl\/de\/beinorthesen\/knochel-und-fussorthesen\/dynamische-knochel-und-fussorthese\/#primaryimage"},"thumbnailUrl":"https:\/\/www.ambroise.nl\/wp-content\/uploads\/2021\/12\/EVO-dynamisch.png","datePublished":"2016-10-18T14:47:18+00:00","dateModified":"2025-07-16T14:02:32+00:00","description":"Diese Sprunggelenk-Fu\u00df-Orthese (AFO) \/ Fu\u00dfgelenkorthese \/ Fu\u00dfschiene bietet optimale Unterst\u00fctzung \u2013 auch bei Spastik. Individuell nach Ma\u00df gefertigt, ganz ohne Gipsabdruck.","breadcrumb":{"@id":"https:\/\/www.ambroise.nl\/de\/beinorthesen\/knochel-und-fussorthesen\/dynamische-knochel-und-fussorthese\/#breadcrumb"},"inLanguage":"de","potentialAction":[{"@type":"ReadAction","target":["https:\/\/www.ambroise.nl\/de\/beinorthesen\/knochel-und-fussorthesen\/dynamische-knochel-und-fussorthese\/"]}]},{"@type":"ImageObject","inLanguage":"de","@id":"https:\/\/www.ambroise.nl\/de\/beinorthesen\/knochel-und-fussorthesen\/dynamische-knochel-und-fussorthese\/#primaryimage","url":"https:\/\/www.ambroise.nl\/wp-content\/uploads\/2021\/12\/EVO-dynamisch.png","contentUrl":"https:\/\/www.ambroise.nl\/wp-content\/uploads\/2021\/12\/EVO-dynamisch.png","width":400,"height":600},{"@type":"BreadcrumbList","@id":"https:\/\/www.ambroise.nl\/de\/beinorthesen\/knochel-und-fussorthesen\/dynamische-knochel-und-fussorthese\/#breadcrumb","itemListElement":[{"@type":"ListItem","position":1,"name":"Home","item":"https:\/\/www.ambroise.nl\/de\/homepagina-2\/"},{"@type":"ListItem","position":2,"name":"Beinorthesen","item":"https:\/\/www.ambroise.nl\/de\/beinorthesen\/"},{"@type":"ListItem","position":3,"name":"Kn\u00f6chel- und Fu\u00dforthesen","item":"https:\/\/www.ambroise.nl\/de\/beinorthesen\/knochel-und-fussorthesen\/"},{"@type":"ListItem","position":4,"name":"Dynamische Sprunggelenk-Fu\u00df-Orthese (AFO)"}]},{"@type":"WebSite","@id":"https:\/\/www.ambroise.nl\/de\/#website","url":"https:\/\/www.ambroise.nl\/de\/","name":"Ambroise","description":"","potentialAction":[{"@type":"SearchAction","target":{"@type":"EntryPoint","urlTemplate":"https:\/\/www.ambroise.nl\/de\/?s={search_term_string}"},"query-input":{"@type":"PropertyValueSpecification","valueRequired":true,"valueName":"search_term_string"}}],"inLanguage":"de"}]}},"_links":{"self":[{"href":"https:\/\/www.ambroise.nl\/de\/wp-json\/wp\/v2\/pages\/3382","targetHints":{"allow":["GET"]}}],"collection":[{"href":"https:\/\/www.ambroise.nl\/de\/wp-json\/wp\/v2\/pages"}],"about":[{"href":"https:\/\/www.ambroise.nl\/de\/wp-json\/wp\/v2\/types\/page"}],"author":[{"embeddable":true,"href":"https:\/\/www.ambroise.nl\/de\/wp-json\/wp\/v2\/users\/3"}],"replies":[{"embeddable":true,"href":"https:\/\/www.ambroise.nl\/de\/wp-json\/wp\/v2\/comments?post=3382"}],"version-history":[{"count":1,"href":"https:\/\/www.ambroise.nl\/de\/wp-json\/wp\/v2\/pages\/3382\/revisions"}],"predecessor-version":[{"id":8495,"href":"https:\/\/www.ambroise.nl\/de\/wp-json\/wp\/v2\/pages\/3382\/revisions\/8495"}],"up":[{"embeddable":true,"href":"https:\/\/www.ambroise.nl\/de\/wp-json\/wp\/v2\/pages\/3322"}],"wp:featuredmedia":[{"embeddable":true,"href":"https:\/\/www.ambroise.nl\/de\/wp-json\/wp\/v2\/media\/6959"}],"wp:attachment":[{"href":"https:\/\/www.ambroise.nl\/de\/wp-json\/wp\/v2\/media?parent=3382"}],"curies":[{"name":"wp","href":"https:\/\/api.w.org\/{rel}","templated":true}]}}