{"id":3397,"date":"2016-10-18T17:06:16","date_gmt":"2016-10-18T15:06:16","guid":{"rendered":"https:\/\/www.ambroise.nl\/beinorthesen\/enkel-voetorthesen\/dynamische-nachtspalk\/"},"modified":"2025-07-21T17:35:39","modified_gmt":"2025-07-21T15:35:39","slug":"dynamische-nachtschiene","status":"publish","type":"page","link":"https:\/\/www.ambroise.nl\/de\/beinorthesen\/knochel-und-fussorthesen\/dynamische-nachtschiene\/","title":{"rendered":"Dynamische Nachtschiene"},"content":{"rendered":"<h1>Dynamische Nachtschiene<\/h1>\n<p>Mehr Mobilit\u00e4t durch langfristiges<\/p>\n<p>dehnen bei verk\u00fcrztem Wadenmuskel<\/p>\n","protected":false},"excerpt":{"rendered":"<p>Dynamische Nachtschiene Mehr Mobilit\u00e4t durch langfristiges dehnen bei verk\u00fcrztem Wadenmuskel<\/p>\n","protected":false},"author":3,"featured_media":6985,"parent":3322,"menu_order":0,"comment_status":"closed","ping_status":"closed","template":"page-product-detail.php","meta":{"_acf_changed":false,"footnotes":""},"class_list":["post-3397","page","type-page","status-publish","has-post-thumbnail","hentry"],"acf":[],"yoast_head":"<!-- This site is optimized with the Yoast SEO plugin v27.3 - https:\/\/yoast.com\/product\/yoast-seo-wordpress\/ -->\n<title>Dynamische Nachtschiene &#8226; Ambroise<\/title>\n<meta name=\"description\" content=\"Die Nachtschiene ist eine AFO (Sprunggelenk-Fu\u00df-Orthese, auch als Fu\u00dfgelenkbandage bekannt), die dazu dient, eine verk\u00fcrzte Wadenmuskulatur sanft zu dehnen \u2013 zum Beispiel bei Muskelspasmen.\" \/>\n<meta name=\"robots\" content=\"index, follow, max-snippet:-1, max-image-preview:large, max-video-preview:-1\" \/>\n<link rel=\"canonical\" href=\"https:\/\/www.ambroise.nl\/de\/beinorthesen\/knochel-und-fussorthesen\/dynamische-nachtschiene\/\" \/>\n<meta property=\"og:locale\" content=\"de_DE\" \/>\n<meta property=\"og:type\" content=\"article\" \/>\n<meta property=\"og:title\" content=\"Dynamische Nachtschiene &#8226; Ambroise\" \/>\n<meta property=\"og:description\" content=\"Die Nachtschiene ist eine AFO (Sprunggelenk-Fu\u00df-Orthese, auch als Fu\u00dfgelenkbandage bekannt), die dazu dient, eine verk\u00fcrzte Wadenmuskulatur sanft zu dehnen \u2013 zum Beispiel bei Muskelspasmen.\" \/>\n<meta property=\"og:url\" content=\"https:\/\/www.ambroise.nl\/de\/beinorthesen\/knochel-und-fussorthesen\/dynamische-nachtschiene\/\" \/>\n<meta property=\"og:site_name\" content=\"Ambroise\" \/>\n<meta property=\"article:modified_time\" content=\"2025-07-21T15:35:39+00:00\" \/>\n<meta property=\"og:image\" content=\"https:\/\/www.ambroise.nl\/wp-content\/uploads\/2022\/01\/dynamische-nachtspalk-.png\" \/>\n\t<meta property=\"og:image:width\" content=\"469\" \/>\n\t<meta property=\"og:image:height\" content=\"600\" \/>\n\t<meta property=\"og:image:type\" content=\"image\/png\" \/>\n<meta name=\"twitter:card\" content=\"summary_large_image\" \/>\n<script type=\"application\/ld+json\" class=\"yoast-schema-graph\">{\"@context\":\"https:\\\/\\\/schema.org\",\"@graph\":[{\"@type\":\"WebPage\",\"@id\":\"https:\\\/\\\/www.ambroise.nl\\\/de\\\/beinorthesen\\\/knochel-und-fussorthesen\\\/dynamische-nachtschiene\\\/\",\"url\":\"https:\\\/\\\/www.ambroise.nl\\\/de\\\/beinorthesen\\\/knochel-und-fussorthesen\\\/dynamische-nachtschiene\\\/\",\"name\":\"Dynamische Nachtschiene &#8226; Ambroise\",\"isPartOf\":{\"@id\":\"https:\\\/\\\/www.ambroise.nl\\\/de\\\/#website\"},\"primaryImageOfPage\":{\"@id\":\"https:\\\/\\\/www.ambroise.nl\\\/de\\\/beinorthesen\\\/knochel-und-fussorthesen\\\/dynamische-nachtschiene\\\/#primaryimage\"},\"image\":{\"@id\":\"https:\\\/\\\/www.ambroise.nl\\\/de\\\/beinorthesen\\\/knochel-und-fussorthesen\\\/dynamische-nachtschiene\\\/#primaryimage\"},\"thumbnailUrl\":\"https:\\\/\\\/www.ambroise.nl\\\/wp-content\\\/uploads\\\/2022\\\/01\\\/dynamische-nachtspalk-.png\",\"datePublished\":\"2016-10-18T15:06:16+00:00\",\"dateModified\":\"2025-07-21T15:35:39+00:00\",\"description\":\"Die Nachtschiene ist eine AFO (Sprunggelenk-Fu\u00df-Orthese, auch als Fu\u00dfgelenkbandage bekannt), die dazu dient, eine verk\u00fcrzte Wadenmuskulatur sanft zu dehnen \u2013 zum Beispiel bei Muskelspasmen.\",\"breadcrumb\":{\"@id\":\"https:\\\/\\\/www.ambroise.nl\\\/de\\\/beinorthesen\\\/knochel-und-fussorthesen\\\/dynamische-nachtschiene\\\/#breadcrumb\"},\"inLanguage\":\"de\",\"potentialAction\":[{\"@type\":\"ReadAction\",\"target\":[\"https:\\\/\\\/www.ambroise.nl\\\/de\\\/beinorthesen\\\/knochel-und-fussorthesen\\\/dynamische-nachtschiene\\\/\"]}]},{\"@type\":\"ImageObject\",\"inLanguage\":\"de\",\"@id\":\"https:\\\/\\\/www.ambroise.nl\\\/de\\\/beinorthesen\\\/knochel-und-fussorthesen\\\/dynamische-nachtschiene\\\/#primaryimage\",\"url\":\"https:\\\/\\\/www.ambroise.nl\\\/wp-content\\\/uploads\\\/2022\\\/01\\\/dynamische-nachtspalk-.png\",\"contentUrl\":\"https:\\\/\\\/www.ambroise.nl\\\/wp-content\\\/uploads\\\/2022\\\/01\\\/dynamische-nachtspalk-.png\",\"width\":469,\"height\":600},{\"@type\":\"BreadcrumbList\",\"@id\":\"https:\\\/\\\/www.ambroise.nl\\\/de\\\/beinorthesen\\\/knochel-und-fussorthesen\\\/dynamische-nachtschiene\\\/#breadcrumb\",\"itemListElement\":[{\"@type\":\"ListItem\",\"position\":1,\"name\":\"Home\",\"item\":\"https:\\\/\\\/www.ambroise.nl\\\/de\\\/homepagina-2\\\/\"},{\"@type\":\"ListItem\",\"position\":2,\"name\":\"Beinorthesen\",\"item\":\"https:\\\/\\\/www.ambroise.nl\\\/de\\\/beinorthesen\\\/\"},{\"@type\":\"ListItem\",\"position\":3,\"name\":\"Kn\u00f6chel- und Fu\u00dforthesen\",\"item\":\"https:\\\/\\\/www.ambroise.nl\\\/de\\\/beinorthesen\\\/knochel-und-fussorthesen\\\/\"},{\"@type\":\"ListItem\",\"position\":4,\"name\":\"Dynamische Nachtschiene\"}]},{\"@type\":\"WebSite\",\"@id\":\"https:\\\/\\\/www.ambroise.nl\\\/de\\\/#website\",\"url\":\"https:\\\/\\\/www.ambroise.nl\\\/de\\\/\",\"name\":\"Ambroise\",\"description\":\"\",\"potentialAction\":[{\"@type\":\"SearchAction\",\"target\":{\"@type\":\"EntryPoint\",\"urlTemplate\":\"https:\\\/\\\/www.ambroise.nl\\\/de\\\/?s={search_term_string}\"},\"query-input\":{\"@type\":\"PropertyValueSpecification\",\"valueRequired\":true,\"valueName\":\"search_term_string\"}}],\"inLanguage\":\"de\"}]}<\/script>\n<!-- \/ Yoast SEO plugin. -->","yoast_head_json":{"title":"Dynamische Nachtschiene &#8226; Ambroise","description":"Die Nachtschiene ist eine AFO (Sprunggelenk-Fu\u00df-Orthese, auch als Fu\u00dfgelenkbandage bekannt), die dazu dient, eine verk\u00fcrzte Wadenmuskulatur sanft zu dehnen \u2013 zum Beispiel bei Muskelspasmen.","robots":{"index":"index","follow":"follow","max-snippet":"max-snippet:-1","max-image-preview":"max-image-preview:large","max-video-preview":"max-video-preview:-1"},"canonical":"https:\/\/www.ambroise.nl\/de\/beinorthesen\/knochel-und-fussorthesen\/dynamische-nachtschiene\/","og_locale":"de_DE","og_type":"article","og_title":"Dynamische Nachtschiene &#8226; Ambroise","og_description":"Die Nachtschiene ist eine AFO (Sprunggelenk-Fu\u00df-Orthese, auch als Fu\u00dfgelenkbandage bekannt), die dazu dient, eine verk\u00fcrzte Wadenmuskulatur sanft zu dehnen \u2013 zum Beispiel bei Muskelspasmen.","og_url":"https:\/\/www.ambroise.nl\/de\/beinorthesen\/knochel-und-fussorthesen\/dynamische-nachtschiene\/","og_site_name":"Ambroise","article_modified_time":"2025-07-21T15:35:39+00:00","og_image":[{"width":469,"height":600,"url":"https:\/\/www.ambroise.nl\/wp-content\/uploads\/2022\/01\/dynamische-nachtspalk-.png","type":"image\/png"}],"twitter_card":"summary_large_image","schema":{"@context":"https:\/\/schema.org","@graph":[{"@type":"WebPage","@id":"https:\/\/www.ambroise.nl\/de\/beinorthesen\/knochel-und-fussorthesen\/dynamische-nachtschiene\/","url":"https:\/\/www.ambroise.nl\/de\/beinorthesen\/knochel-und-fussorthesen\/dynamische-nachtschiene\/","name":"Dynamische Nachtschiene &#8226; Ambroise","isPartOf":{"@id":"https:\/\/www.ambroise.nl\/de\/#website"},"primaryImageOfPage":{"@id":"https:\/\/www.ambroise.nl\/de\/beinorthesen\/knochel-und-fussorthesen\/dynamische-nachtschiene\/#primaryimage"},"image":{"@id":"https:\/\/www.ambroise.nl\/de\/beinorthesen\/knochel-und-fussorthesen\/dynamische-nachtschiene\/#primaryimage"},"thumbnailUrl":"https:\/\/www.ambroise.nl\/wp-content\/uploads\/2022\/01\/dynamische-nachtspalk-.png","datePublished":"2016-10-18T15:06:16+00:00","dateModified":"2025-07-21T15:35:39+00:00","description":"Die Nachtschiene ist eine AFO (Sprunggelenk-Fu\u00df-Orthese, auch als Fu\u00dfgelenkbandage bekannt), die dazu dient, eine verk\u00fcrzte Wadenmuskulatur sanft zu dehnen \u2013 zum Beispiel bei Muskelspasmen.","breadcrumb":{"@id":"https:\/\/www.ambroise.nl\/de\/beinorthesen\/knochel-und-fussorthesen\/dynamische-nachtschiene\/#breadcrumb"},"inLanguage":"de","potentialAction":[{"@type":"ReadAction","target":["https:\/\/www.ambroise.nl\/de\/beinorthesen\/knochel-und-fussorthesen\/dynamische-nachtschiene\/"]}]},{"@type":"ImageObject","inLanguage":"de","@id":"https:\/\/www.ambroise.nl\/de\/beinorthesen\/knochel-und-fussorthesen\/dynamische-nachtschiene\/#primaryimage","url":"https:\/\/www.ambroise.nl\/wp-content\/uploads\/2022\/01\/dynamische-nachtspalk-.png","contentUrl":"https:\/\/www.ambroise.nl\/wp-content\/uploads\/2022\/01\/dynamische-nachtspalk-.png","width":469,"height":600},{"@type":"BreadcrumbList","@id":"https:\/\/www.ambroise.nl\/de\/beinorthesen\/knochel-und-fussorthesen\/dynamische-nachtschiene\/#breadcrumb","itemListElement":[{"@type":"ListItem","position":1,"name":"Home","item":"https:\/\/www.ambroise.nl\/de\/homepagina-2\/"},{"@type":"ListItem","position":2,"name":"Beinorthesen","item":"https:\/\/www.ambroise.nl\/de\/beinorthesen\/"},{"@type":"ListItem","position":3,"name":"Kn\u00f6chel- und Fu\u00dforthesen","item":"https:\/\/www.ambroise.nl\/de\/beinorthesen\/knochel-und-fussorthesen\/"},{"@type":"ListItem","position":4,"name":"Dynamische Nachtschiene"}]},{"@type":"WebSite","@id":"https:\/\/www.ambroise.nl\/de\/#website","url":"https:\/\/www.ambroise.nl\/de\/","name":"Ambroise","description":"","potentialAction":[{"@type":"SearchAction","target":{"@type":"EntryPoint","urlTemplate":"https:\/\/www.ambroise.nl\/de\/?s={search_term_string}"},"query-input":{"@type":"PropertyValueSpecification","valueRequired":true,"valueName":"search_term_string"}}],"inLanguage":"de"}]}},"_links":{"self":[{"href":"https:\/\/www.ambroise.nl\/de\/wp-json\/wp\/v2\/pages\/3397","targetHints":{"allow":["GET"]}}],"collection":[{"href":"https:\/\/www.ambroise.nl\/de\/wp-json\/wp\/v2\/pages"}],"about":[{"href":"https:\/\/www.ambroise.nl\/de\/wp-json\/wp\/v2\/types\/page"}],"author":[{"embeddable":true,"href":"https:\/\/www.ambroise.nl\/de\/wp-json\/wp\/v2\/users\/3"}],"replies":[{"embeddable":true,"href":"https:\/\/www.ambroise.nl\/de\/wp-json\/wp\/v2\/comments?post=3397"}],"version-history":[{"count":1,"href":"https:\/\/www.ambroise.nl\/de\/wp-json\/wp\/v2\/pages\/3397\/revisions"}],"predecessor-version":[{"id":8499,"href":"https:\/\/www.ambroise.nl\/de\/wp-json\/wp\/v2\/pages\/3397\/revisions\/8499"}],"up":[{"embeddable":true,"href":"https:\/\/www.ambroise.nl\/de\/wp-json\/wp\/v2\/pages\/3322"}],"wp:featuredmedia":[{"embeddable":true,"href":"https:\/\/www.ambroise.nl\/de\/wp-json\/wp\/v2\/media\/6985"}],"wp:attachment":[{"href":"https:\/\/www.ambroise.nl\/de\/wp-json\/wp\/v2\/media?parent=3397"}],"curies":[{"name":"wp","href":"https:\/\/api.w.org\/{rel}","templated":true}]}}