{"id":4638,"date":"2016-12-14T14:43:12","date_gmt":"2016-12-14T13:43:12","guid":{"rendered":"https:\/\/www.ambroise.nl\/support\/"},"modified":"2025-07-23T16:08:10","modified_gmt":"2025-07-23T14:08:10","slug":"support","status":"publish","type":"page","link":"https:\/\/www.ambroise.nl\/de\/support\/","title":{"rendered":"Support"},"content":{"rendered":"<h1>Support<\/h1>\n<p>Wie k\u00f6nnen wir Ihnen helfen?<\/p>\n","protected":false},"excerpt":{"rendered":"<p>Support Wie k\u00f6nnen wir Ihnen helfen?<\/p>\n","protected":false},"author":3,"featured_media":0,"parent":0,"menu_order":0,"comment_status":"closed","ping_status":"closed","template":"page-product-summary.php","meta":{"_acf_changed":false,"footnotes":""},"class_list":["post-4638","page","type-page","status-publish","hentry"],"acf":[],"yoast_head":"<!-- This site is optimized with the Yoast SEO plugin v27.3 - https:\/\/yoast.com\/product\/yoast-seo-wordpress\/ -->\n<title>Support &#8226; Ambroise<\/title>\n<meta name=\"description\" content=\"Womit k\u00f6nnen wir Ihnen helfen?Ist Ihre Frage noch unbeantwortet? Kontaktieren Sie uns.Unsere Informationsangebote: FAQ, Fotoma\u00dfnahme, Schritt-f\u00fcr-Schritt-Anleitung, Probeanpassung, Bedienungsanleitungen.\" \/>\n<meta name=\"robots\" content=\"index, follow, max-snippet:-1, max-image-preview:large, max-video-preview:-1\" \/>\n<link rel=\"canonical\" href=\"https:\/\/www.ambroise.nl\/de\/support\/\" \/>\n<meta property=\"og:locale\" content=\"de_DE\" \/>\n<meta property=\"og:type\" content=\"article\" \/>\n<meta property=\"og:title\" content=\"Support &#8226; Ambroise\" \/>\n<meta property=\"og:description\" content=\"Womit k\u00f6nnen wir Ihnen helfen?Ist Ihre Frage noch unbeantwortet? Kontaktieren Sie uns.Unsere Informationsangebote: FAQ, Fotoma\u00dfnahme, Schritt-f\u00fcr-Schritt-Anleitung, Probeanpassung, Bedienungsanleitungen.\" \/>\n<meta property=\"og:url\" content=\"https:\/\/www.ambroise.nl\/de\/support\/\" \/>\n<meta property=\"og:site_name\" content=\"Ambroise\" \/>\n<meta property=\"article:modified_time\" content=\"2025-07-23T14:08:10+00:00\" \/>\n<meta name=\"twitter:card\" content=\"summary_large_image\" \/>\n<script type=\"application\/ld+json\" class=\"yoast-schema-graph\">{\"@context\":\"https:\\\/\\\/schema.org\",\"@graph\":[{\"@type\":\"WebPage\",\"@id\":\"https:\\\/\\\/www.ambroise.nl\\\/de\\\/support\\\/\",\"url\":\"https:\\\/\\\/www.ambroise.nl\\\/de\\\/support\\\/\",\"name\":\"Support &#8226; Ambroise\",\"isPartOf\":{\"@id\":\"https:\\\/\\\/www.ambroise.nl\\\/de\\\/#website\"},\"datePublished\":\"2016-12-14T13:43:12+00:00\",\"dateModified\":\"2025-07-23T14:08:10+00:00\",\"description\":\"Womit k\u00f6nnen wir Ihnen helfen?Ist Ihre Frage noch unbeantwortet? Kontaktieren Sie uns.Unsere Informationsangebote: FAQ, Fotoma\u00dfnahme, Schritt-f\u00fcr-Schritt-Anleitung, Probeanpassung, Bedienungsanleitungen.\",\"breadcrumb\":{\"@id\":\"https:\\\/\\\/www.ambroise.nl\\\/de\\\/support\\\/#breadcrumb\"},\"inLanguage\":\"de\",\"potentialAction\":[{\"@type\":\"ReadAction\",\"target\":[\"https:\\\/\\\/www.ambroise.nl\\\/de\\\/support\\\/\"]}]},{\"@type\":\"BreadcrumbList\",\"@id\":\"https:\\\/\\\/www.ambroise.nl\\\/de\\\/support\\\/#breadcrumb\",\"itemListElement\":[{\"@type\":\"ListItem\",\"position\":1,\"name\":\"Home\",\"item\":\"https:\\\/\\\/www.ambroise.nl\\\/de\\\/homepagina-2\\\/\"},{\"@type\":\"ListItem\",\"position\":2,\"name\":\"Support\"}]},{\"@type\":\"WebSite\",\"@id\":\"https:\\\/\\\/www.ambroise.nl\\\/de\\\/#website\",\"url\":\"https:\\\/\\\/www.ambroise.nl\\\/de\\\/\",\"name\":\"Ambroise\",\"description\":\"\",\"potentialAction\":[{\"@type\":\"SearchAction\",\"target\":{\"@type\":\"EntryPoint\",\"urlTemplate\":\"https:\\\/\\\/www.ambroise.nl\\\/de\\\/?s={search_term_string}\"},\"query-input\":{\"@type\":\"PropertyValueSpecification\",\"valueRequired\":true,\"valueName\":\"search_term_string\"}}],\"inLanguage\":\"de\"}]}<\/script>\n<!-- \/ Yoast SEO plugin. -->","yoast_head_json":{"title":"Support &#8226; Ambroise","description":"Womit k\u00f6nnen wir Ihnen helfen?Ist Ihre Frage noch unbeantwortet? Kontaktieren Sie uns.Unsere Informationsangebote: FAQ, Fotoma\u00dfnahme, Schritt-f\u00fcr-Schritt-Anleitung, Probeanpassung, Bedienungsanleitungen.","robots":{"index":"index","follow":"follow","max-snippet":"max-snippet:-1","max-image-preview":"max-image-preview:large","max-video-preview":"max-video-preview:-1"},"canonical":"https:\/\/www.ambroise.nl\/de\/support\/","og_locale":"de_DE","og_type":"article","og_title":"Support &#8226; Ambroise","og_description":"Womit k\u00f6nnen wir Ihnen helfen?Ist Ihre Frage noch unbeantwortet? Kontaktieren Sie uns.Unsere Informationsangebote: FAQ, Fotoma\u00dfnahme, Schritt-f\u00fcr-Schritt-Anleitung, Probeanpassung, Bedienungsanleitungen.","og_url":"https:\/\/www.ambroise.nl\/de\/support\/","og_site_name":"Ambroise","article_modified_time":"2025-07-23T14:08:10+00:00","twitter_card":"summary_large_image","schema":{"@context":"https:\/\/schema.org","@graph":[{"@type":"WebPage","@id":"https:\/\/www.ambroise.nl\/de\/support\/","url":"https:\/\/www.ambroise.nl\/de\/support\/","name":"Support &#8226; Ambroise","isPartOf":{"@id":"https:\/\/www.ambroise.nl\/de\/#website"},"datePublished":"2016-12-14T13:43:12+00:00","dateModified":"2025-07-23T14:08:10+00:00","description":"Womit k\u00f6nnen wir Ihnen helfen?Ist Ihre Frage noch unbeantwortet? Kontaktieren Sie uns.Unsere Informationsangebote: FAQ, Fotoma\u00dfnahme, Schritt-f\u00fcr-Schritt-Anleitung, Probeanpassung, Bedienungsanleitungen.","breadcrumb":{"@id":"https:\/\/www.ambroise.nl\/de\/support\/#breadcrumb"},"inLanguage":"de","potentialAction":[{"@type":"ReadAction","target":["https:\/\/www.ambroise.nl\/de\/support\/"]}]},{"@type":"BreadcrumbList","@id":"https:\/\/www.ambroise.nl\/de\/support\/#breadcrumb","itemListElement":[{"@type":"ListItem","position":1,"name":"Home","item":"https:\/\/www.ambroise.nl\/de\/homepagina-2\/"},{"@type":"ListItem","position":2,"name":"Support"}]},{"@type":"WebSite","@id":"https:\/\/www.ambroise.nl\/de\/#website","url":"https:\/\/www.ambroise.nl\/de\/","name":"Ambroise","description":"","potentialAction":[{"@type":"SearchAction","target":{"@type":"EntryPoint","urlTemplate":"https:\/\/www.ambroise.nl\/de\/?s={search_term_string}"},"query-input":{"@type":"PropertyValueSpecification","valueRequired":true,"valueName":"search_term_string"}}],"inLanguage":"de"}]}},"_links":{"self":[{"href":"https:\/\/www.ambroise.nl\/de\/wp-json\/wp\/v2\/pages\/4638","targetHints":{"allow":["GET"]}}],"collection":[{"href":"https:\/\/www.ambroise.nl\/de\/wp-json\/wp\/v2\/pages"}],"about":[{"href":"https:\/\/www.ambroise.nl\/de\/wp-json\/wp\/v2\/types\/page"}],"author":[{"embeddable":true,"href":"https:\/\/www.ambroise.nl\/de\/wp-json\/wp\/v2\/users\/3"}],"replies":[{"embeddable":true,"href":"https:\/\/www.ambroise.nl\/de\/wp-json\/wp\/v2\/comments?post=4638"}],"version-history":[{"count":1,"href":"https:\/\/www.ambroise.nl\/de\/wp-json\/wp\/v2\/pages\/4638\/revisions"}],"predecessor-version":[{"id":8519,"href":"https:\/\/www.ambroise.nl\/de\/wp-json\/wp\/v2\/pages\/4638\/revisions\/8519"}],"wp:attachment":[{"href":"https:\/\/www.ambroise.nl\/de\/wp-json\/wp\/v2\/media?parent=4638"}],"curies":[{"name":"wp","href":"https:\/\/api.w.org\/{rel}","templated":true}]}}