{"id":4740,"date":"2017-01-03T15:39:29","date_gmt":"2017-01-03T14:39:29","guid":{"rendered":"https:\/\/www.ambroise.nl\/handleidingen\/"},"modified":"2025-07-29T14:04:14","modified_gmt":"2025-07-29T12:04:14","slug":"handbuecher","status":"publish","type":"page","link":"https:\/\/www.ambroise.nl\/de\/handbuecher\/","title":{"rendered":"Handb\u00fccher &amp; Downloads"},"content":{"rendered":"<h1>Handb\u00fccher &amp; Downloads<\/h1>\n<p>F\u00fcr den Anwender und Spezialisten<\/p>\n","protected":false},"excerpt":{"rendered":"<p>Handb\u00fccher &amp; Downloads F\u00fcr den Anwender und Spezialisten<\/p>\n","protected":false},"author":3,"featured_media":894,"parent":0,"menu_order":0,"comment_status":"closed","ping_status":"closed","template":"page-product-serie.php","meta":{"_acf_changed":false,"footnotes":""},"class_list":["post-4740","page","type-page","status-publish","has-post-thumbnail","hentry"],"acf":[],"yoast_head":"<!-- This site is optimized with the Yoast SEO plugin v27.3 - https:\/\/yoast.com\/product\/yoast-seo-wordpress\/ -->\n<title>Handb\u00fccher &amp; Downloads &#8226; Ambroise<\/title>\n<meta name=\"description\" content=\"Handb\u00fccher f\u00fcr Klienten und Fachpersonal, einschlie\u00dflich Anleitung f\u00fcr Armorthesen, Anleitung f\u00fcr Beinorthesen, Bestellformular, Auswahlprotokoll und Bestellcodes.\" \/>\n<meta name=\"robots\" content=\"index, follow, max-snippet:-1, max-image-preview:large, max-video-preview:-1\" \/>\n<link rel=\"canonical\" href=\"https:\/\/www.ambroise.nl\/de\/handbuecher\/\" \/>\n<meta property=\"og:locale\" content=\"de_DE\" \/>\n<meta property=\"og:type\" content=\"article\" \/>\n<meta property=\"og:title\" content=\"Handb\u00fccher &amp; Downloads &#8226; Ambroise\" \/>\n<meta property=\"og:description\" content=\"Handb\u00fccher f\u00fcr Klienten und Fachpersonal, einschlie\u00dflich Anleitung f\u00fcr Armorthesen, Anleitung f\u00fcr Beinorthesen, Bestellformular, Auswahlprotokoll und Bestellcodes.\" \/>\n<meta property=\"og:url\" content=\"https:\/\/www.ambroise.nl\/de\/handbuecher\/\" \/>\n<meta property=\"og:site_name\" content=\"Ambroise\" \/>\n<meta property=\"article:modified_time\" content=\"2025-07-29T12:04:14+00:00\" \/>\n<meta property=\"og:image\" content=\"https:\/\/www.ambroise.nl\/wp-content\/uploads\/2017\/01\/Handleidingen-symbool.png\" \/>\n\t<meta property=\"og:image:width\" content=\"512\" \/>\n\t<meta property=\"og:image:height\" content=\"512\" \/>\n\t<meta property=\"og:image:type\" content=\"image\/png\" \/>\n<meta name=\"twitter:card\" content=\"summary_large_image\" \/>\n<script type=\"application\/ld+json\" class=\"yoast-schema-graph\">{\"@context\":\"https:\\\/\\\/schema.org\",\"@graph\":[{\"@type\":\"WebPage\",\"@id\":\"https:\\\/\\\/www.ambroise.nl\\\/de\\\/handbuecher\\\/\",\"url\":\"https:\\\/\\\/www.ambroise.nl\\\/de\\\/handbuecher\\\/\",\"name\":\"Handb\u00fccher &amp; Downloads &#8226; Ambroise\",\"isPartOf\":{\"@id\":\"https:\\\/\\\/www.ambroise.nl\\\/de\\\/#website\"},\"primaryImageOfPage\":{\"@id\":\"https:\\\/\\\/www.ambroise.nl\\\/de\\\/handbuecher\\\/#primaryimage\"},\"image\":{\"@id\":\"https:\\\/\\\/www.ambroise.nl\\\/de\\\/handbuecher\\\/#primaryimage\"},\"thumbnailUrl\":\"https:\\\/\\\/www.ambroise.nl\\\/wp-content\\\/uploads\\\/2017\\\/01\\\/Handleidingen-symbool.png\",\"datePublished\":\"2017-01-03T14:39:29+00:00\",\"dateModified\":\"2025-07-29T12:04:14+00:00\",\"description\":\"Handb\u00fccher f\u00fcr Klienten und Fachpersonal, einschlie\u00dflich Anleitung f\u00fcr Armorthesen, Anleitung f\u00fcr Beinorthesen, Bestellformular, Auswahlprotokoll und Bestellcodes.\",\"breadcrumb\":{\"@id\":\"https:\\\/\\\/www.ambroise.nl\\\/de\\\/handbuecher\\\/#breadcrumb\"},\"inLanguage\":\"de\",\"potentialAction\":[{\"@type\":\"ReadAction\",\"target\":[\"https:\\\/\\\/www.ambroise.nl\\\/de\\\/handbuecher\\\/\"]}]},{\"@type\":\"ImageObject\",\"inLanguage\":\"de\",\"@id\":\"https:\\\/\\\/www.ambroise.nl\\\/de\\\/handbuecher\\\/#primaryimage\",\"url\":\"https:\\\/\\\/www.ambroise.nl\\\/wp-content\\\/uploads\\\/2017\\\/01\\\/Handleidingen-symbool.png\",\"contentUrl\":\"https:\\\/\\\/www.ambroise.nl\\\/wp-content\\\/uploads\\\/2017\\\/01\\\/Handleidingen-symbool.png\",\"width\":512,\"height\":512,\"caption\":\"manuals-symbool-freepik\"},{\"@type\":\"BreadcrumbList\",\"@id\":\"https:\\\/\\\/www.ambroise.nl\\\/de\\\/handbuecher\\\/#breadcrumb\",\"itemListElement\":[{\"@type\":\"ListItem\",\"position\":1,\"name\":\"Home\",\"item\":\"https:\\\/\\\/www.ambroise.nl\\\/de\\\/homepagina-2\\\/\"},{\"@type\":\"ListItem\",\"position\":2,\"name\":\"Handb\u00fccher &amp; Downloads\"}]},{\"@type\":\"WebSite\",\"@id\":\"https:\\\/\\\/www.ambroise.nl\\\/de\\\/#website\",\"url\":\"https:\\\/\\\/www.ambroise.nl\\\/de\\\/\",\"name\":\"Ambroise\",\"description\":\"\",\"potentialAction\":[{\"@type\":\"SearchAction\",\"target\":{\"@type\":\"EntryPoint\",\"urlTemplate\":\"https:\\\/\\\/www.ambroise.nl\\\/de\\\/?s={search_term_string}\"},\"query-input\":{\"@type\":\"PropertyValueSpecification\",\"valueRequired\":true,\"valueName\":\"search_term_string\"}}],\"inLanguage\":\"de\"}]}<\/script>\n<!-- \/ Yoast SEO plugin. -->","yoast_head_json":{"title":"Handb\u00fccher &amp; Downloads &#8226; Ambroise","description":"Handb\u00fccher f\u00fcr Klienten und Fachpersonal, einschlie\u00dflich Anleitung f\u00fcr Armorthesen, Anleitung f\u00fcr Beinorthesen, Bestellformular, Auswahlprotokoll und Bestellcodes.","robots":{"index":"index","follow":"follow","max-snippet":"max-snippet:-1","max-image-preview":"max-image-preview:large","max-video-preview":"max-video-preview:-1"},"canonical":"https:\/\/www.ambroise.nl\/de\/handbuecher\/","og_locale":"de_DE","og_type":"article","og_title":"Handb\u00fccher &amp; Downloads &#8226; Ambroise","og_description":"Handb\u00fccher f\u00fcr Klienten und Fachpersonal, einschlie\u00dflich Anleitung f\u00fcr Armorthesen, Anleitung f\u00fcr Beinorthesen, Bestellformular, Auswahlprotokoll und Bestellcodes.","og_url":"https:\/\/www.ambroise.nl\/de\/handbuecher\/","og_site_name":"Ambroise","article_modified_time":"2025-07-29T12:04:14+00:00","og_image":[{"width":512,"height":512,"url":"https:\/\/www.ambroise.nl\/wp-content\/uploads\/2017\/01\/Handleidingen-symbool.png","type":"image\/png"}],"twitter_card":"summary_large_image","schema":{"@context":"https:\/\/schema.org","@graph":[{"@type":"WebPage","@id":"https:\/\/www.ambroise.nl\/de\/handbuecher\/","url":"https:\/\/www.ambroise.nl\/de\/handbuecher\/","name":"Handb\u00fccher &amp; Downloads &#8226; Ambroise","isPartOf":{"@id":"https:\/\/www.ambroise.nl\/de\/#website"},"primaryImageOfPage":{"@id":"https:\/\/www.ambroise.nl\/de\/handbuecher\/#primaryimage"},"image":{"@id":"https:\/\/www.ambroise.nl\/de\/handbuecher\/#primaryimage"},"thumbnailUrl":"https:\/\/www.ambroise.nl\/wp-content\/uploads\/2017\/01\/Handleidingen-symbool.png","datePublished":"2017-01-03T14:39:29+00:00","dateModified":"2025-07-29T12:04:14+00:00","description":"Handb\u00fccher f\u00fcr Klienten und Fachpersonal, einschlie\u00dflich Anleitung f\u00fcr Armorthesen, Anleitung f\u00fcr Beinorthesen, Bestellformular, Auswahlprotokoll und Bestellcodes.","breadcrumb":{"@id":"https:\/\/www.ambroise.nl\/de\/handbuecher\/#breadcrumb"},"inLanguage":"de","potentialAction":[{"@type":"ReadAction","target":["https:\/\/www.ambroise.nl\/de\/handbuecher\/"]}]},{"@type":"ImageObject","inLanguage":"de","@id":"https:\/\/www.ambroise.nl\/de\/handbuecher\/#primaryimage","url":"https:\/\/www.ambroise.nl\/wp-content\/uploads\/2017\/01\/Handleidingen-symbool.png","contentUrl":"https:\/\/www.ambroise.nl\/wp-content\/uploads\/2017\/01\/Handleidingen-symbool.png","width":512,"height":512,"caption":"manuals-symbool-freepik"},{"@type":"BreadcrumbList","@id":"https:\/\/www.ambroise.nl\/de\/handbuecher\/#breadcrumb","itemListElement":[{"@type":"ListItem","position":1,"name":"Home","item":"https:\/\/www.ambroise.nl\/de\/homepagina-2\/"},{"@type":"ListItem","position":2,"name":"Handb\u00fccher &amp; Downloads"}]},{"@type":"WebSite","@id":"https:\/\/www.ambroise.nl\/de\/#website","url":"https:\/\/www.ambroise.nl\/de\/","name":"Ambroise","description":"","potentialAction":[{"@type":"SearchAction","target":{"@type":"EntryPoint","urlTemplate":"https:\/\/www.ambroise.nl\/de\/?s={search_term_string}"},"query-input":{"@type":"PropertyValueSpecification","valueRequired":true,"valueName":"search_term_string"}}],"inLanguage":"de"}]}},"_links":{"self":[{"href":"https:\/\/www.ambroise.nl\/de\/wp-json\/wp\/v2\/pages\/4740","targetHints":{"allow":["GET"]}}],"collection":[{"href":"https:\/\/www.ambroise.nl\/de\/wp-json\/wp\/v2\/pages"}],"about":[{"href":"https:\/\/www.ambroise.nl\/de\/wp-json\/wp\/v2\/types\/page"}],"author":[{"embeddable":true,"href":"https:\/\/www.ambroise.nl\/de\/wp-json\/wp\/v2\/users\/3"}],"replies":[{"embeddable":true,"href":"https:\/\/www.ambroise.nl\/de\/wp-json\/wp\/v2\/comments?post=4740"}],"version-history":[{"count":1,"href":"https:\/\/www.ambroise.nl\/de\/wp-json\/wp\/v2\/pages\/4740\/revisions"}],"predecessor-version":[{"id":8590,"href":"https:\/\/www.ambroise.nl\/de\/wp-json\/wp\/v2\/pages\/4740\/revisions\/8590"}],"wp:featuredmedia":[{"embeddable":true,"href":"https:\/\/www.ambroise.nl\/de\/wp-json\/wp\/v2\/media\/894"}],"wp:attachment":[{"href":"https:\/\/www.ambroise.nl\/de\/wp-json\/wp\/v2\/media?parent=4740"}],"curies":[{"name":"wp","href":"https:\/\/api.w.org\/{rel}","templated":true}]}}