{"id":4757,"date":"2016-10-19T14:54:22","date_gmt":"2016-10-19T12:54:22","guid":{"rendered":"https:\/\/www.ambroise.nl\/support\/stappenplan\/"},"modified":"2025-07-23T13:23:26","modified_gmt":"2025-07-23T11:23:26","slug":"ablaufplan","status":"publish","type":"page","link":"https:\/\/www.ambroise.nl\/de\/support\/ablaufplan\/","title":{"rendered":"Ablaufplan"},"content":{"rendered":"<h1>Ablaufplan<\/h1>\n<p>Von der Anfrage bis hin zur funktionalen Verwendung \u2013 die Beschaffung der Orthese<\/p>\n","protected":false},"excerpt":{"rendered":"<p>Ablaufplan Von der Anfrage bis hin zur funktionalen Verwendung \u2013 die Beschaffung der Orthese<\/p>\n","protected":false},"author":3,"featured_media":5430,"parent":4638,"menu_order":0,"comment_status":"closed","ping_status":"closed","template":"page-product-detail.php","meta":{"_acf_changed":false,"footnotes":""},"class_list":["post-4757","page","type-page","status-publish","has-post-thumbnail","hentry"],"acf":[],"yoast_head":"<!-- This site is optimized with the Yoast SEO plugin v27.3 - https:\/\/yoast.com\/product\/yoast-seo-wordpress\/ -->\n<title>Ablaufplan &#8226; Ambroise<\/title>\n<meta name=\"description\" content=\"Wir sorgen daf\u00fcr, dass die Orthese wirklich zu Ihrem K\u00f6rper passt. Ma\u00dfnehmen, Produktvorbereitung, Herstellung, Anprobe und Anpassung, Physiotherapie, Kontrolle und Abschlussuntersuchung \u2013 alles aus einer Hand.\" \/>\n<meta name=\"robots\" content=\"index, follow, max-snippet:-1, max-image-preview:large, max-video-preview:-1\" \/>\n<link rel=\"canonical\" href=\"https:\/\/www.ambroise.nl\/de\/support\/ablaufplan\/\" \/>\n<meta property=\"og:locale\" content=\"de_DE\" \/>\n<meta property=\"og:type\" content=\"article\" \/>\n<meta property=\"og:title\" content=\"Ablaufplan &#8226; Ambroise\" \/>\n<meta property=\"og:description\" content=\"Wir sorgen daf\u00fcr, dass die Orthese wirklich zu Ihrem K\u00f6rper passt. Ma\u00dfnehmen, Produktvorbereitung, Herstellung, Anprobe und Anpassung, Physiotherapie, Kontrolle und Abschlussuntersuchung \u2013 alles aus einer Hand.\" \/>\n<meta property=\"og:url\" content=\"https:\/\/www.ambroise.nl\/de\/support\/ablaufplan\/\" \/>\n<meta property=\"og:site_name\" content=\"Ambroise\" \/>\n<meta property=\"article:modified_time\" content=\"2025-07-23T11:23:26+00:00\" \/>\n<meta property=\"og:image\" content=\"https:\/\/www.ambroise.nl\/wp-content\/uploads\/2016\/10\/stappenplan-symbool.png\" \/>\n\t<meta property=\"og:image:width\" content=\"512\" \/>\n\t<meta property=\"og:image:height\" content=\"512\" \/>\n\t<meta property=\"og:image:type\" content=\"image\/png\" \/>\n<meta name=\"twitter:card\" content=\"summary_large_image\" \/>\n<script type=\"application\/ld+json\" class=\"yoast-schema-graph\">{\"@context\":\"https:\\\/\\\/schema.org\",\"@graph\":[{\"@type\":\"WebPage\",\"@id\":\"https:\\\/\\\/www.ambroise.nl\\\/de\\\/support\\\/ablaufplan\\\/\",\"url\":\"https:\\\/\\\/www.ambroise.nl\\\/de\\\/support\\\/ablaufplan\\\/\",\"name\":\"Ablaufplan &#8226; Ambroise\",\"isPartOf\":{\"@id\":\"https:\\\/\\\/www.ambroise.nl\\\/de\\\/#website\"},\"primaryImageOfPage\":{\"@id\":\"https:\\\/\\\/www.ambroise.nl\\\/de\\\/support\\\/ablaufplan\\\/#primaryimage\"},\"image\":{\"@id\":\"https:\\\/\\\/www.ambroise.nl\\\/de\\\/support\\\/ablaufplan\\\/#primaryimage\"},\"thumbnailUrl\":\"https:\\\/\\\/www.ambroise.nl\\\/wp-content\\\/uploads\\\/2016\\\/10\\\/stappenplan-symbool.png\",\"datePublished\":\"2016-10-19T12:54:22+00:00\",\"dateModified\":\"2025-07-23T11:23:26+00:00\",\"description\":\"Wir sorgen daf\u00fcr, dass die Orthese wirklich zu Ihrem K\u00f6rper passt. Ma\u00dfnehmen, Produktvorbereitung, Herstellung, Anprobe und Anpassung, Physiotherapie, Kontrolle und Abschlussuntersuchung \u2013 alles aus einer Hand.\",\"breadcrumb\":{\"@id\":\"https:\\\/\\\/www.ambroise.nl\\\/de\\\/support\\\/ablaufplan\\\/#breadcrumb\"},\"inLanguage\":\"de\",\"potentialAction\":[{\"@type\":\"ReadAction\",\"target\":[\"https:\\\/\\\/www.ambroise.nl\\\/de\\\/support\\\/ablaufplan\\\/\"]}]},{\"@type\":\"ImageObject\",\"inLanguage\":\"de\",\"@id\":\"https:\\\/\\\/www.ambroise.nl\\\/de\\\/support\\\/ablaufplan\\\/#primaryimage\",\"url\":\"https:\\\/\\\/www.ambroise.nl\\\/wp-content\\\/uploads\\\/2016\\\/10\\\/stappenplan-symbool.png\",\"contentUrl\":\"https:\\\/\\\/www.ambroise.nl\\\/wp-content\\\/uploads\\\/2016\\\/10\\\/stappenplan-symbool.png\",\"width\":512,\"height\":512},{\"@type\":\"BreadcrumbList\",\"@id\":\"https:\\\/\\\/www.ambroise.nl\\\/de\\\/support\\\/ablaufplan\\\/#breadcrumb\",\"itemListElement\":[{\"@type\":\"ListItem\",\"position\":1,\"name\":\"Home\",\"item\":\"https:\\\/\\\/www.ambroise.nl\\\/de\\\/homepagina-2\\\/\"},{\"@type\":\"ListItem\",\"position\":2,\"name\":\"Support\",\"item\":\"https:\\\/\\\/www.ambroise.nl\\\/de\\\/support\\\/\"},{\"@type\":\"ListItem\",\"position\":3,\"name\":\"Ablaufplan\"}]},{\"@type\":\"WebSite\",\"@id\":\"https:\\\/\\\/www.ambroise.nl\\\/de\\\/#website\",\"url\":\"https:\\\/\\\/www.ambroise.nl\\\/de\\\/\",\"name\":\"Ambroise\",\"description\":\"\",\"potentialAction\":[{\"@type\":\"SearchAction\",\"target\":{\"@type\":\"EntryPoint\",\"urlTemplate\":\"https:\\\/\\\/www.ambroise.nl\\\/de\\\/?s={search_term_string}\"},\"query-input\":{\"@type\":\"PropertyValueSpecification\",\"valueRequired\":true,\"valueName\":\"search_term_string\"}}],\"inLanguage\":\"de\"}]}<\/script>\n<!-- \/ Yoast SEO plugin. -->","yoast_head_json":{"title":"Ablaufplan &#8226; Ambroise","description":"Wir sorgen daf\u00fcr, dass die Orthese wirklich zu Ihrem K\u00f6rper passt. Ma\u00dfnehmen, Produktvorbereitung, Herstellung, Anprobe und Anpassung, Physiotherapie, Kontrolle und Abschlussuntersuchung \u2013 alles aus einer Hand.","robots":{"index":"index","follow":"follow","max-snippet":"max-snippet:-1","max-image-preview":"max-image-preview:large","max-video-preview":"max-video-preview:-1"},"canonical":"https:\/\/www.ambroise.nl\/de\/support\/ablaufplan\/","og_locale":"de_DE","og_type":"article","og_title":"Ablaufplan &#8226; Ambroise","og_description":"Wir sorgen daf\u00fcr, dass die Orthese wirklich zu Ihrem K\u00f6rper passt. Ma\u00dfnehmen, Produktvorbereitung, Herstellung, Anprobe und Anpassung, Physiotherapie, Kontrolle und Abschlussuntersuchung \u2013 alles aus einer Hand.","og_url":"https:\/\/www.ambroise.nl\/de\/support\/ablaufplan\/","og_site_name":"Ambroise","article_modified_time":"2025-07-23T11:23:26+00:00","og_image":[{"width":512,"height":512,"url":"https:\/\/www.ambroise.nl\/wp-content\/uploads\/2016\/10\/stappenplan-symbool.png","type":"image\/png"}],"twitter_card":"summary_large_image","schema":{"@context":"https:\/\/schema.org","@graph":[{"@type":"WebPage","@id":"https:\/\/www.ambroise.nl\/de\/support\/ablaufplan\/","url":"https:\/\/www.ambroise.nl\/de\/support\/ablaufplan\/","name":"Ablaufplan &#8226; Ambroise","isPartOf":{"@id":"https:\/\/www.ambroise.nl\/de\/#website"},"primaryImageOfPage":{"@id":"https:\/\/www.ambroise.nl\/de\/support\/ablaufplan\/#primaryimage"},"image":{"@id":"https:\/\/www.ambroise.nl\/de\/support\/ablaufplan\/#primaryimage"},"thumbnailUrl":"https:\/\/www.ambroise.nl\/wp-content\/uploads\/2016\/10\/stappenplan-symbool.png","datePublished":"2016-10-19T12:54:22+00:00","dateModified":"2025-07-23T11:23:26+00:00","description":"Wir sorgen daf\u00fcr, dass die Orthese wirklich zu Ihrem K\u00f6rper passt. Ma\u00dfnehmen, Produktvorbereitung, Herstellung, Anprobe und Anpassung, Physiotherapie, Kontrolle und Abschlussuntersuchung \u2013 alles aus einer Hand.","breadcrumb":{"@id":"https:\/\/www.ambroise.nl\/de\/support\/ablaufplan\/#breadcrumb"},"inLanguage":"de","potentialAction":[{"@type":"ReadAction","target":["https:\/\/www.ambroise.nl\/de\/support\/ablaufplan\/"]}]},{"@type":"ImageObject","inLanguage":"de","@id":"https:\/\/www.ambroise.nl\/de\/support\/ablaufplan\/#primaryimage","url":"https:\/\/www.ambroise.nl\/wp-content\/uploads\/2016\/10\/stappenplan-symbool.png","contentUrl":"https:\/\/www.ambroise.nl\/wp-content\/uploads\/2016\/10\/stappenplan-symbool.png","width":512,"height":512},{"@type":"BreadcrumbList","@id":"https:\/\/www.ambroise.nl\/de\/support\/ablaufplan\/#breadcrumb","itemListElement":[{"@type":"ListItem","position":1,"name":"Home","item":"https:\/\/www.ambroise.nl\/de\/homepagina-2\/"},{"@type":"ListItem","position":2,"name":"Support","item":"https:\/\/www.ambroise.nl\/de\/support\/"},{"@type":"ListItem","position":3,"name":"Ablaufplan"}]},{"@type":"WebSite","@id":"https:\/\/www.ambroise.nl\/de\/#website","url":"https:\/\/www.ambroise.nl\/de\/","name":"Ambroise","description":"","potentialAction":[{"@type":"SearchAction","target":{"@type":"EntryPoint","urlTemplate":"https:\/\/www.ambroise.nl\/de\/?s={search_term_string}"},"query-input":{"@type":"PropertyValueSpecification","valueRequired":true,"valueName":"search_term_string"}}],"inLanguage":"de"}]}},"_links":{"self":[{"href":"https:\/\/www.ambroise.nl\/de\/wp-json\/wp\/v2\/pages\/4757","targetHints":{"allow":["GET"]}}],"collection":[{"href":"https:\/\/www.ambroise.nl\/de\/wp-json\/wp\/v2\/pages"}],"about":[{"href":"https:\/\/www.ambroise.nl\/de\/wp-json\/wp\/v2\/types\/page"}],"author":[{"embeddable":true,"href":"https:\/\/www.ambroise.nl\/de\/wp-json\/wp\/v2\/users\/3"}],"replies":[{"embeddable":true,"href":"https:\/\/www.ambroise.nl\/de\/wp-json\/wp\/v2\/comments?post=4757"}],"version-history":[{"count":1,"href":"https:\/\/www.ambroise.nl\/de\/wp-json\/wp\/v2\/pages\/4757\/revisions"}],"predecessor-version":[{"id":8516,"href":"https:\/\/www.ambroise.nl\/de\/wp-json\/wp\/v2\/pages\/4757\/revisions\/8516"}],"up":[{"embeddable":true,"href":"https:\/\/www.ambroise.nl\/de\/wp-json\/wp\/v2\/pages\/4638"}],"wp:featuredmedia":[{"embeddable":true,"href":"https:\/\/www.ambroise.nl\/de\/wp-json\/wp\/v2\/media\/5430"}],"wp:attachment":[{"href":"https:\/\/www.ambroise.nl\/de\/wp-json\/wp\/v2\/media?parent=4757"}],"curies":[{"name":"wp","href":"https:\/\/api.w.org\/{rel}","templated":true}]}}