{"id":7888,"date":"2024-05-30T13:23:38","date_gmt":"2024-05-30T11:23:38","guid":{"rendered":"https:\/\/www.ambroise.nl\/?page_id=7888"},"modified":"2025-07-29T10:54:58","modified_gmt":"2025-07-29T08:54:58","slug":"genux-2-knieorthese-2","status":"publish","type":"page","link":"https:\/\/www.ambroise.nl\/de\/beinorthesen\/genux-2-knieorthese-2\/","title":{"rendered":"GENUX 2 Knieorthese"},"content":{"rendered":"<h1>GENUX 2 Knieorthese<\/h1>\n<p>Leichte Knieorthese f\u00fcr echte Stabilit\u00e4t<\/p>\n","protected":false},"excerpt":{"rendered":"<p>GENUX 2 Knieorthese Leichte Knieorthese f\u00fcr echte Stabilit\u00e4t<\/p>\n","protected":false},"author":3,"featured_media":7873,"parent":2929,"menu_order":1,"comment_status":"closed","ping_status":"closed","template":"page-product-detail.php","meta":{"_acf_changed":false,"footnotes":""},"class_list":["post-7888","page","type-page","status-publish","has-post-thumbnail","hentry"],"acf":[],"yoast_head":"<!-- This site is optimized with the Yoast SEO plugin v27.2 - https:\/\/yoast.com\/product\/yoast-seo-wordpress\/ -->\n<title>GENUX 2 Knieorthese (Knie Brace) Ambroise<\/title>\n<meta name=\"description\" content=\"Die GENUX 2 Knieorthese sorgt f\u00fcr Stabilit\u00e4t und korrigiert die Knieposition bei Personen mit Arthrose (OA), Valgus-, Varus-Fehlstellungen oder \u00dcberstreckung des Knies.\" \/>\n<meta name=\"robots\" content=\"index, follow, max-snippet:-1, max-image-preview:large, max-video-preview:-1\" \/>\n<link rel=\"canonical\" href=\"https:\/\/www.ambroise.nl\/de\/beinorthesen\/genux-2-knieorthese-2\/\" \/>\n<meta property=\"og:locale\" content=\"de_DE\" \/>\n<meta property=\"og:type\" content=\"article\" \/>\n<meta property=\"og:title\" content=\"GENUX 2 Knieorthese (Knie Brace) Ambroise\" \/>\n<meta property=\"og:description\" content=\"Die GENUX 2 Knieorthese sorgt f\u00fcr Stabilit\u00e4t und korrigiert die Knieposition bei Personen mit Arthrose (OA), Valgus-, Varus-Fehlstellungen oder \u00dcberstreckung des Knies.\" \/>\n<meta property=\"og:url\" content=\"https:\/\/www.ambroise.nl\/de\/beinorthesen\/genux-2-knieorthese-2\/\" \/>\n<meta property=\"og:site_name\" content=\"Ambroise\" \/>\n<meta property=\"article:modified_time\" content=\"2025-07-29T08:54:58+00:00\" \/>\n<meta property=\"og:image\" content=\"https:\/\/www.ambroise.nl\/wp-content\/uploads\/2024\/05\/IMG_5807-e1714746511103-2.png\" \/>\n\t<meta property=\"og:image:width\" content=\"268\" \/>\n\t<meta property=\"og:image:height\" content=\"700\" \/>\n\t<meta property=\"og:image:type\" content=\"image\/png\" \/>\n<meta name=\"twitter:card\" content=\"summary_large_image\" \/>\n<meta name=\"twitter:label1\" content=\"Gesch\u00e4tzte Lesezeit\" \/>\n\t<meta name=\"twitter:data1\" content=\"14\u00a0Minuten\" \/>\n<script type=\"application\/ld+json\" class=\"yoast-schema-graph\">{\"@context\":\"https:\/\/schema.org\",\"@graph\":[{\"@type\":\"WebPage\",\"@id\":\"https:\/\/www.ambroise.nl\/de\/beinorthesen\/genux-2-knieorthese-2\/\",\"url\":\"https:\/\/www.ambroise.nl\/de\/beinorthesen\/genux-2-knieorthese-2\/\",\"name\":\"GENUX 2 Knieorthese (Knie Brace) Ambroise\",\"isPartOf\":{\"@id\":\"https:\/\/www.ambroise.nl\/de\/#website\"},\"primaryImageOfPage\":{\"@id\":\"https:\/\/www.ambroise.nl\/de\/beinorthesen\/genux-2-knieorthese-2\/#primaryimage\"},\"image\":{\"@id\":\"https:\/\/www.ambroise.nl\/de\/beinorthesen\/genux-2-knieorthese-2\/#primaryimage\"},\"thumbnailUrl\":\"https:\/\/www.ambroise.nl\/wp-content\/uploads\/2024\/05\/IMG_5807-e1714746511103-2.png\",\"datePublished\":\"2024-05-30T11:23:38+00:00\",\"dateModified\":\"2025-07-29T08:54:58+00:00\",\"description\":\"Die GENUX 2 Knieorthese sorgt f\u00fcr Stabilit\u00e4t und korrigiert die Knieposition bei Personen mit Arthrose (OA), Valgus-, Varus-Fehlstellungen oder \u00dcberstreckung des Knies.\",\"breadcrumb\":{\"@id\":\"https:\/\/www.ambroise.nl\/de\/beinorthesen\/genux-2-knieorthese-2\/#breadcrumb\"},\"inLanguage\":\"de\",\"potentialAction\":[{\"@type\":\"ReadAction\",\"target\":[\"https:\/\/www.ambroise.nl\/de\/beinorthesen\/genux-2-knieorthese-2\/\"]}]},{\"@type\":\"ImageObject\",\"inLanguage\":\"de\",\"@id\":\"https:\/\/www.ambroise.nl\/de\/beinorthesen\/genux-2-knieorthese-2\/#primaryimage\",\"url\":\"https:\/\/www.ambroise.nl\/wp-content\/uploads\/2024\/05\/IMG_5807-e1714746511103-2.png\",\"contentUrl\":\"https:\/\/www.ambroise.nl\/wp-content\/uploads\/2024\/05\/IMG_5807-e1714746511103-2.png\",\"width\":268,\"height\":700},{\"@type\":\"BreadcrumbList\",\"@id\":\"https:\/\/www.ambroise.nl\/de\/beinorthesen\/genux-2-knieorthese-2\/#breadcrumb\",\"itemListElement\":[{\"@type\":\"ListItem\",\"position\":1,\"name\":\"Home\",\"item\":\"https:\/\/www.ambroise.nl\/de\/homepagina-2\/\"},{\"@type\":\"ListItem\",\"position\":2,\"name\":\"Beinorthesen\",\"item\":\"https:\/\/www.ambroise.nl\/de\/beinorthesen\/\"},{\"@type\":\"ListItem\",\"position\":3,\"name\":\"GENUX 2 Knieorthese\"}]},{\"@type\":\"WebSite\",\"@id\":\"https:\/\/www.ambroise.nl\/de\/#website\",\"url\":\"https:\/\/www.ambroise.nl\/de\/\",\"name\":\"Ambroise\",\"description\":\"\",\"potentialAction\":[{\"@type\":\"SearchAction\",\"target\":{\"@type\":\"EntryPoint\",\"urlTemplate\":\"https:\/\/www.ambroise.nl\/de\/?s={search_term_string}\"},\"query-input\":{\"@type\":\"PropertyValueSpecification\",\"valueRequired\":true,\"valueName\":\"search_term_string\"}}],\"inLanguage\":\"de\"}]}<\/script>\n<!-- \/ Yoast SEO plugin. -->","yoast_head_json":{"title":"GENUX 2 Knieorthese (Knie Brace) Ambroise","description":"Die GENUX 2 Knieorthese sorgt f\u00fcr Stabilit\u00e4t und korrigiert die Knieposition bei Personen mit Arthrose (OA), Valgus-, Varus-Fehlstellungen oder \u00dcberstreckung des Knies.","robots":{"index":"index","follow":"follow","max-snippet":"max-snippet:-1","max-image-preview":"max-image-preview:large","max-video-preview":"max-video-preview:-1"},"canonical":"https:\/\/www.ambroise.nl\/de\/beinorthesen\/genux-2-knieorthese-2\/","og_locale":"de_DE","og_type":"article","og_title":"GENUX 2 Knieorthese (Knie Brace) Ambroise","og_description":"Die GENUX 2 Knieorthese sorgt f\u00fcr Stabilit\u00e4t und korrigiert die Knieposition bei Personen mit Arthrose (OA), Valgus-, Varus-Fehlstellungen oder \u00dcberstreckung des Knies.","og_url":"https:\/\/www.ambroise.nl\/de\/beinorthesen\/genux-2-knieorthese-2\/","og_site_name":"Ambroise","article_modified_time":"2025-07-29T08:54:58+00:00","og_image":[{"width":268,"height":700,"url":"https:\/\/www.ambroise.nl\/wp-content\/uploads\/2024\/05\/IMG_5807-e1714746511103-2.png","type":"image\/png"}],"twitter_card":"summary_large_image","twitter_misc":{"Gesch\u00e4tzte Lesezeit":"14\u00a0Minuten"},"schema":{"@context":"https:\/\/schema.org","@graph":[{"@type":"WebPage","@id":"https:\/\/www.ambroise.nl\/de\/beinorthesen\/genux-2-knieorthese-2\/","url":"https:\/\/www.ambroise.nl\/de\/beinorthesen\/genux-2-knieorthese-2\/","name":"GENUX 2 Knieorthese (Knie Brace) Ambroise","isPartOf":{"@id":"https:\/\/www.ambroise.nl\/de\/#website"},"primaryImageOfPage":{"@id":"https:\/\/www.ambroise.nl\/de\/beinorthesen\/genux-2-knieorthese-2\/#primaryimage"},"image":{"@id":"https:\/\/www.ambroise.nl\/de\/beinorthesen\/genux-2-knieorthese-2\/#primaryimage"},"thumbnailUrl":"https:\/\/www.ambroise.nl\/wp-content\/uploads\/2024\/05\/IMG_5807-e1714746511103-2.png","datePublished":"2024-05-30T11:23:38+00:00","dateModified":"2025-07-29T08:54:58+00:00","description":"Die GENUX 2 Knieorthese sorgt f\u00fcr Stabilit\u00e4t und korrigiert die Knieposition bei Personen mit Arthrose (OA), Valgus-, Varus-Fehlstellungen oder \u00dcberstreckung des Knies.","breadcrumb":{"@id":"https:\/\/www.ambroise.nl\/de\/beinorthesen\/genux-2-knieorthese-2\/#breadcrumb"},"inLanguage":"de","potentialAction":[{"@type":"ReadAction","target":["https:\/\/www.ambroise.nl\/de\/beinorthesen\/genux-2-knieorthese-2\/"]}]},{"@type":"ImageObject","inLanguage":"de","@id":"https:\/\/www.ambroise.nl\/de\/beinorthesen\/genux-2-knieorthese-2\/#primaryimage","url":"https:\/\/www.ambroise.nl\/wp-content\/uploads\/2024\/05\/IMG_5807-e1714746511103-2.png","contentUrl":"https:\/\/www.ambroise.nl\/wp-content\/uploads\/2024\/05\/IMG_5807-e1714746511103-2.png","width":268,"height":700},{"@type":"BreadcrumbList","@id":"https:\/\/www.ambroise.nl\/de\/beinorthesen\/genux-2-knieorthese-2\/#breadcrumb","itemListElement":[{"@type":"ListItem","position":1,"name":"Home","item":"https:\/\/www.ambroise.nl\/de\/homepagina-2\/"},{"@type":"ListItem","position":2,"name":"Beinorthesen","item":"https:\/\/www.ambroise.nl\/de\/beinorthesen\/"},{"@type":"ListItem","position":3,"name":"GENUX 2 Knieorthese"}]},{"@type":"WebSite","@id":"https:\/\/www.ambroise.nl\/de\/#website","url":"https:\/\/www.ambroise.nl\/de\/","name":"Ambroise","description":"","potentialAction":[{"@type":"SearchAction","target":{"@type":"EntryPoint","urlTemplate":"https:\/\/www.ambroise.nl\/de\/?s={search_term_string}"},"query-input":{"@type":"PropertyValueSpecification","valueRequired":true,"valueName":"search_term_string"}}],"inLanguage":"de"}]}},"_links":{"self":[{"href":"https:\/\/www.ambroise.nl\/de\/wp-json\/wp\/v2\/pages\/7888","targetHints":{"allow":["GET"]}}],"collection":[{"href":"https:\/\/www.ambroise.nl\/de\/wp-json\/wp\/v2\/pages"}],"about":[{"href":"https:\/\/www.ambroise.nl\/de\/wp-json\/wp\/v2\/types\/page"}],"author":[{"embeddable":true,"href":"https:\/\/www.ambroise.nl\/de\/wp-json\/wp\/v2\/users\/3"}],"replies":[{"embeddable":true,"href":"https:\/\/www.ambroise.nl\/de\/wp-json\/wp\/v2\/comments?post=7888"}],"version-history":[{"count":1,"href":"https:\/\/www.ambroise.nl\/de\/wp-json\/wp\/v2\/pages\/7888\/revisions"}],"predecessor-version":[{"id":8557,"href":"https:\/\/www.ambroise.nl\/de\/wp-json\/wp\/v2\/pages\/7888\/revisions\/8557"}],"up":[{"embeddable":true,"href":"https:\/\/www.ambroise.nl\/de\/wp-json\/wp\/v2\/pages\/2929"}],"wp:featuredmedia":[{"embeddable":true,"href":"https:\/\/www.ambroise.nl\/de\/wp-json\/wp\/v2\/media\/7873"}],"wp:attachment":[{"href":"https:\/\/www.ambroise.nl\/de\/wp-json\/wp\/v2\/media?parent=7888"}],"curies":[{"name":"wp","href":"https:\/\/api.w.org\/{rel}","templated":true}]}}